{"id":5514,"date":"2023-03-09T12:20:09","date_gmt":"2023-03-09T15:20:09","guid":{"rendered":"https:\/\/kennersa.com.ar\/?post_type=product&#038;p=5514"},"modified":"2023-03-09T12:40:46","modified_gmt":"2023-03-09T15:40:46","slug":"alpha-plus-granular-o-polvo-yerba-mate","status":"publish","type":"product","link":"https:\/\/kennersa.com.ar\/index.php\/producto\/alpha-plus-granular-o-polvo-yerba-mate\/","title":{"rendered":"Alpha Plus Granular o Polvo (yerba mate)"},"content":{"rendered":"<h1><strong>Alpha Plus Granular (Yerba Mate)<\/strong><\/h1>\n<p><strong>Adecuado para productos granulados y polvos, la pesadora Granular ADW-0314S-Granular-Granular ofrece una completa soluci\u00f3n de pesaje multicabezal para los que trabajan con productos como el az\u00facar, detergentes de lavado, Yerba-Mate y caf\u00e9 en polvo.<\/strong><\/p>\n<p><strong>La pesadora ADW-0314S-Granular, combina 14 cabezales con un volumen m\u00e1ximo de 3000ml y velocidades de hasta 100WPM. Controla polvos de flujo libre y granos, con facilidad, por lo que es una excelente m\u00e1quina de pesaje multicabezal.<\/strong><\/p>\n<p><strong>Detalles T\u00e9cnicos<\/strong><\/p>\n<ul>\n<li><strong>Adecuado para productos en polvo y granos<\/strong><\/li>\n<li><strong>Pesan 14 cabezales disponibles<\/strong><\/li>\n<li><strong>Velocidades hasta 100WPM<\/strong><\/li>\n<li><strong>Volumen m\u00e1ximo de combinaci\u00f3n de 3000ml<\/strong><\/li>\n<li><strong>Pesaje 4-500gr\/8-1000gr<\/strong><\/li>\n<li><strong>Pantalla t\u00e1ctil a color RCU-901C<\/strong><\/li>\n<li><strong>Embudo de alimentaci\u00f3n estilo pulpo<\/strong><\/li>\n<li><strong>Cerramiento\u00a0<\/strong><\/li>\n<li><strong>Cubetas de hasta 5lt<\/strong><\/li>\n<li><strong>Dimensiones: 1450mm x 1450mm x 2408mm<\/strong><\/li>\n<li><strong>Peso Neto de 860kg<\/strong><\/li>\n<\/ul>\n<p><img fetchpriority=\"high\" decoding=\"async\" src=\"https:\/\/kennersa.com\/wp-content\/uploads\/2021\/09\/DSC00166-169x300.jpg\" alt=\"\" width=\"169\" height=\"300\" \/><\/p>\n<p>&nbsp;<\/p>\n","protected":false},"excerpt":{"rendered":"<p>https:\/\/www.youtube.com\/watch?v=pHWrMIcTZrs<\/p>\n<div style=\"position: static !important;\"><\/div>\n","protected":false},"featured_media":4861,"comment_status":"closed","ping_status":"closed","template":"","meta":{"om_disable_all_campaigns":false,"_monsterinsights_skip_tracking":false,"_monsterinsights_sitenote_active":false,"_monsterinsights_sitenote_note":"","_monsterinsights_sitenote_category":0},"product_cat":[113,112],"product_tag":[164,158],"class_list":{"0":"post-5514","1":"product","2":"type-product","3":"status-publish","4":"has-post-thumbnail","6":"product_cat-alpha-series","7":"product_cat-balanzas_yamato","8":"product_tag-yerba","9":"product_tag-yerba-mate","11":"first","12":"instock","13":"shipping-taxable","14":"product-type-simple"},"_links":{"self":[{"href":"https:\/\/kennersa.com.ar\/index.php\/wp-json\/wp\/v2\/product\/5514","targetHints":{"allow":["GET"]}}],"collection":[{"href":"https:\/\/kennersa.com.ar\/index.php\/wp-json\/wp\/v2\/product"}],"about":[{"href":"https:\/\/kennersa.com.ar\/index.php\/wp-json\/wp\/v2\/types\/product"}],"replies":[{"embeddable":true,"href":"https:\/\/kennersa.com.ar\/index.php\/wp-json\/wp\/v2\/comments?post=5514"}],"wp:featuredmedia":[{"embeddable":true,"href":"https:\/\/kennersa.com.ar\/index.php\/wp-json\/wp\/v2\/media\/4861"}],"wp:attachment":[{"href":"https:\/\/kennersa.com.ar\/index.php\/wp-json\/wp\/v2\/media?parent=5514"}],"wp:term":[{"taxonomy":"product_cat","embeddable":true,"href":"https:\/\/kennersa.com.ar\/index.php\/wp-json\/wp\/v2\/product_cat?post=5514"},{"taxonomy":"product_tag","embeddable":true,"href":"https:\/\/kennersa.com.ar\/index.php\/wp-json\/wp\/v2\/product_tag?post=5514"}],"curies":[{"name":"wp","href":"https:\/\/api.w.org\/{rel}","templated":true}]}}