{"id":5300,"date":"2022-08-12T15:35:48","date_gmt":"2022-08-12T18:35:48","guid":{"rendered":"https:\/\/kennersa.com.ar\/?post_type=product&#038;p=5300"},"modified":"2022-09-11T11:32:17","modified_gmt":"2022-09-11T14:32:17","slug":"omega-frontier","status":"publish","type":"product","link":"https:\/\/kennersa.com.ar\/index.php\/producto\/omega-frontier\/","title":{"rendered":"Omega Frontier"},"content":{"rendered":"<p>Maximice la productividad. Minimiza el desperdicio.<\/p>\n<p>Mayor flexibilidad de empaque y reducci\u00f3n de desperdicios a trav\u00e9s de una ventana de producto m\u00e1s amplia<\/p>\n<ul>\n<li>Maximizar la producci\u00f3n de productos<\/li>\n<li>Mejora la versatilidad del empaque<\/li>\n<li>Reducir el desperdicio de envases<\/li>\n<li>Reducir el desperdicio de producto<\/li>\n<li>Logre combinaciones de alta precisi\u00f3n en m\u00faltiples grupos de productos<\/li>\n<li>Benef\u00edciese de un costo total de propiedad m\u00e1s bajo<\/li>\n<\/ul>\n<p><strong>Especificaci\u00f3n<\/strong><\/p>\n<p>\u2022 Siete variaciones<\/p>\n<p>\u2022 Hasta 32 cabezales de pesaje<\/p>\n<p>\u2022 Velocidades de hasta 600 ppm (modelo O-0132F)<\/p>\n<p>\u2022 Hasta 6 puntos de descarga<\/p>\n<p><strong>Caracter\u00edsticas adicionales<\/strong><\/p>\n<p>\u2022 Canales de descarga independientes\u2022<\/p>\n<p>Dispositivo de manipulaci\u00f3n con base en el fondo<\/p>\n<p>\u2022 Combinaci\u00f3n simult\u00e1nea<\/p>\n<p>\u2022 Descarga multipunto<\/p>\n<p>\u2022 Pesadora dividida<\/p>\n<p><strong>\u00a0Aplicaciones de la industria<\/strong><\/p>\n<p>Omega Frontier puede llenar l\u00edneas de bandejas, l\u00edneas de vasos, HFFS, VFFS, m\u00e1quinas empacadoras rotativas y otras aplicaciones de empaque similares en una variedad de aplicaciones industriales<\/p>\n<p>\u2022PANADER\u00cdA<\/p>\n<p>\u2022CEREAL<\/p>\n<p>\u2022QUESOS Y L\u00c1CTEOS<\/p>\n<p>\u2022CARNE DE PESCADO<\/p>\n<p>\u2022PRODUCTOS FRESCOS<\/p>\n<p>\u2022PRODUCTOS CONGELADOS<\/p>\n<p>\u2022MERIENDAS\u2022COMIDAS LISTAS<\/p>\n<p>\u2022PASTA<\/p>\n<p>\u2022CONFITERIA<\/p>\n<p>\u2022 FRUTOS SECOS Y FRUTOS SECOS<\/p>\n<p>\u2022 GRANULADO<\/p>\n<p>\u2022QU\u00cdMICO<\/p>\n<p>\u2022HARDWARE<\/p>\n<p>\u2022CUIDADO DE LA SALUD<\/p>\n<p>\u2022 FARMAC\u00c9UTICO<\/p>\n<p>\u2022 ALIMENTOS PARA MASCOTAS Y ANIMALES<\/p>\n<p>\u2022 BOLSA EN BOLSA<\/p>\n","protected":false},"excerpt":{"rendered":"<p>Maximice la productividad. Minimiza el desperdicio. Mayor flexibilidad de empaque y reducci\u00f3n de desperdicios a trav\u00e9s de una ventana de&hellip;<\/p>\n","protected":false},"featured_media":4870,"comment_status":"closed","ping_status":"closed","template":"","meta":{"om_disable_all_campaigns":false,"_monsterinsights_skip_tracking":false,"_monsterinsights_sitenote_active":false,"_monsterinsights_sitenote_note":"","_monsterinsights_sitenote_category":0},"product_cat":[130],"product_tag":[52],"class_list":{"0":"post-5300","1":"product","2":"type-product","3":"status-publish","4":"has-post-thumbnail","6":"product_cat-omega-series","7":"product_tag-omega","9":"first","10":"instock","11":"shipping-taxable","12":"product-type-simple"},"_links":{"self":[{"href":"https:\/\/kennersa.com.ar\/index.php\/wp-json\/wp\/v2\/product\/5300","targetHints":{"allow":["GET"]}}],"collection":[{"href":"https:\/\/kennersa.com.ar\/index.php\/wp-json\/wp\/v2\/product"}],"about":[{"href":"https:\/\/kennersa.com.ar\/index.php\/wp-json\/wp\/v2\/types\/product"}],"replies":[{"embeddable":true,"href":"https:\/\/kennersa.com.ar\/index.php\/wp-json\/wp\/v2\/comments?post=5300"}],"wp:featuredmedia":[{"embeddable":true,"href":"https:\/\/kennersa.com.ar\/index.php\/wp-json\/wp\/v2\/media\/4870"}],"wp:attachment":[{"href":"https:\/\/kennersa.com.ar\/index.php\/wp-json\/wp\/v2\/media?parent=5300"}],"wp:term":[{"taxonomy":"product_cat","embeddable":true,"href":"https:\/\/kennersa.com.ar\/index.php\/wp-json\/wp\/v2\/product_cat?post=5300"},{"taxonomy":"product_tag","embeddable":true,"href":"https:\/\/kennersa.com.ar\/index.php\/wp-json\/wp\/v2\/product_tag?post=5300"}],"curies":[{"name":"wp","href":"https:\/\/api.w.org\/{rel}","templated":true}]}}