{"id":3743,"date":"2021-09-29T01:58:11","date_gmt":"2021-09-29T04:58:11","guid":{"rendered":"https:\/\/kennersa.com\/?post_type=product&#038;p=3743"},"modified":"2023-07-17T19:47:34","modified_gmt":"2023-07-17T22:47:34","slug":"purmotion-esp","status":"publish","type":"product","link":"https:\/\/kennersa.com.ar\/index.php\/producto\/purmotion-esp\/","title":{"rendered":"PURMOTION"},"content":{"rendered":"<p><strong>PURmotion es nueva tecnolog\u00eda y est\u00e1ndares sanitarios en movimiento<\/strong><\/p>\n<p>Ingenieros y dise\u00f1os de Precision Food Innovations (PFI) que utilizan las directrices de la Ley de Modernizaci\u00f3n de la Seguridad Alimentaria (FSMA) recientemente publicadas. Construido para poseer est\u00e1ndares sanitarios superiores, el PURmotion facilita el acceso a cada pieza del equipo. El marco estructural s\u00f3lido, completamente abierto, carece de tubos huecos, lo que hace que sea casi imposible que los g\u00e9rmenes y las bacterias se escondan.<\/p>\n<p>.<\/p>\n<p>\u00a1TODOS LOS COMPONENTES CR\u00cdTICOS TIENEN CLASIFICACI\u00d3N IP69K CERTIFICADA!<\/p>\n<p>Los componentes cr\u00edticos de PURmotion tienen una clasificaci\u00f3n IP69K, lo que significa que la desinfecci\u00f3n con rociadores de alta presi\u00f3n y alta temperatura de rango cercano no es un problema. Esta clasificaci\u00f3n tambi\u00e9n significa que se evita por completo la entrada de polvo y escombros.<\/p>\n<p>Adem\u00e1s de poder soportar las condiciones de desinfecci\u00f3n m\u00e1s duras, el PURmotion es f\u00e1cil de limpiar con paneles laterales f\u00e1ciles de quitar.<\/p>\n<p>LAS PATENTES EST\u00c1N PENDIENTES DE PURMOCI\u00d3N<\/p>\n<p>Hay patentes pendientes sobre las caracter\u00edsticas de PURmotion que permiten a los operadores controlar con precisi\u00f3n las velocidades de alimentaci\u00f3n y tienen la capacidad de cambiar casi instant\u00e1neamente la direcci\u00f3n del flujo del producto sin detener la m\u00e1quina e interrumpir las operaciones aguas arriba o aguas abajo. Adem\u00e1s, no hay tiempo de aceleraci\u00f3n cuando un operador necesita detenerse y arrancar, e incluso cuando est\u00e1 completamente cargado, arrancar y parar no da\u00f1ar\u00e1 el equipo.<\/p>\n<p>Debido a que PURmotion utiliza un transporte suave, es ideal para productos revestidos y fr\u00e1giles. Otros productos recomendados para el PURmotion son polvos aglomerados y productos extruidos, en copos o granulados. El PURmotion mantiene el producto en su carril y no hace que el producto se mueva o rebote en la sart\u00e9n.<\/p>\n<p>El PURmotion, como con todos los productos de PFI, es f\u00e1cilmente personalizable. Las opciones incluyen una variedad de longitudes, cubiertas y puertas, adem\u00e1s de ser montadas en el techo o en el piso. El PURmotion se puede integrar f\u00e1cilmente en sistemas de procesamiento de alimentos nuevos o existentes.<\/p>\n<p>&nbsp;<\/p>\n<p>&nbsp;<\/p>\n<p><iframe title=\"PURmotion PFI Horizontal Motion Conveyor\" width=\"1140\" height=\"641\" src=\"https:\/\/www.youtube.com\/embed\/juSNEwOjGKQ?feature=oembed\" frameborder=\"0\" allow=\"accelerometer; autoplay; clipboard-write; encrypted-media; gyroscope; picture-in-picture\" allowfullscreen><\/iframe><\/p>\n","protected":false},"excerpt":{"rendered":"<p>PURmotion es nueva tecnolog\u00eda y est\u00e1ndares sanitarios en movimiento Ingenieros y dise\u00f1os de Precision Food Innovations (PFI) que utilizan las&hellip;<\/p>\n","protected":false},"featured_media":4830,"comment_status":"open","ping_status":"closed","template":"","meta":{"om_disable_all_campaigns":false,"_monsterinsights_skip_tracking":false,"_monsterinsights_sitenote_active":false,"_monsterinsights_sitenote_note":"","_monsterinsights_sitenote_category":0},"product_cat":[57,59,74],"product_tag":[48,56,75],"class_list":{"0":"post-3743","1":"product","2":"type-product","3":"status-publish","4":"has-post-thumbnail","6":"product_cat-pfi","7":"product_cat-pfi-horizontal-motion","8":"product_cat-purmotion-pfi-orientating","9":"product_tag-horizontal-motion","10":"product_tag-pfi","11":"product_tag-purmotion","12":"it-has-gallery","14":"first","15":"instock","16":"shipping-taxable","17":"product-type-simple"},"_links":{"self":[{"href":"https:\/\/kennersa.com.ar\/index.php\/wp-json\/wp\/v2\/product\/3743","targetHints":{"allow":["GET"]}}],"collection":[{"href":"https:\/\/kennersa.com.ar\/index.php\/wp-json\/wp\/v2\/product"}],"about":[{"href":"https:\/\/kennersa.com.ar\/index.php\/wp-json\/wp\/v2\/types\/product"}],"replies":[{"embeddable":true,"href":"https:\/\/kennersa.com.ar\/index.php\/wp-json\/wp\/v2\/comments?post=3743"}],"wp:featuredmedia":[{"embeddable":true,"href":"https:\/\/kennersa.com.ar\/index.php\/wp-json\/wp\/v2\/media\/4830"}],"wp:attachment":[{"href":"https:\/\/kennersa.com.ar\/index.php\/wp-json\/wp\/v2\/media?parent=3743"}],"wp:term":[{"taxonomy":"product_cat","embeddable":true,"href":"https:\/\/kennersa.com.ar\/index.php\/wp-json\/wp\/v2\/product_cat?post=3743"},{"taxonomy":"product_tag","embeddable":true,"href":"https:\/\/kennersa.com.ar\/index.php\/wp-json\/wp\/v2\/product_tag?post=3743"}],"curies":[{"name":"wp","href":"https:\/\/api.w.org\/{rel}","templated":true}]}}