{"id":3741,"date":"2021-09-29T01:22:16","date_gmt":"2021-09-29T04:22:16","guid":{"rendered":"https:\/\/kennersa.com\/?post_type=product&#038;p=3741"},"modified":"2022-09-11T11:12:56","modified_gmt":"2022-09-11T14:12:56","slug":"pre-sheeter-esp","status":"publish","type":"product","link":"https:\/\/kennersa.com.ar\/index.php\/producto\/pre-sheeter-esp\/","title":{"rendered":"Pre-Sheeter"},"content":{"rendered":"<div class=\"row\">\n<h2>La Pre-Sheeter est\u00e1 dise\u00f1ada para procesar una variedad de productos mientras se integra f\u00e1cilmente con los sistemas existentes..<\/h2>\n<\/div>\n<div class=\"row\"><\/div>\n<div class=\"row intro-copy\">\n<p>Las pre-laminadoras personalizadas de PFI est\u00e1n dise\u00f1adas para manejar una gran variedad de tipos de masa, incluyendo difficult para manipular variedades muy hidratadas y pegajosas.<\/p>\n<p>La fabricaci\u00f3n propia de los rodillos de compresi\u00f3n sanitaria le da a PFI un control completo del proceso de dise\u00f1o y fabricaci\u00f3n para garantizar que su producto sea consistente y supere las expectativas.<\/p>\n<p>&nbsp;<\/p>\n<p><img fetchpriority=\"high\" decoding=\"async\" class=\"size-medium wp-image-3037 alignright\" src=\"https:\/\/kennersa.com\/wp-content\/uploads\/2021\/06\/testimage-300x300.png\" alt=\"\" width=\"300\" height=\"300\" \/><\/p>\n<\/div>\n","protected":false},"excerpt":{"rendered":"<p>La Pre-Sheeter est\u00e1 dise\u00f1ada para procesar una variedad de productos mientras se integra f\u00e1cilmente con los sistemas existentes.. Las pre-laminadoras&hellip;<\/p>\n","protected":false},"featured_media":4832,"comment_status":"open","ping_status":"closed","template":"","meta":{"om_disable_all_campaigns":false,"_monsterinsights_skip_tracking":false,"_monsterinsights_sitenote_active":false,"_monsterinsights_sitenote_note":"","_monsterinsights_sitenote_category":0},"product_cat":[57,60,64,68,71],"product_tag":[56,69],"class_list":{"0":"post-3741","1":"product","2":"type-product","3":"status-publish","4":"has-post-thumbnail","6":"product_cat-pfi","7":"product_cat-pfi-otras-soluciones","8":"product_cat-pfi-belt-conveyors","9":"product_cat-pre-sheeter","10":"product_cat-pre-sheeter-pfi-otras-soluciones","11":"product_tag-pfi","12":"product_tag-pre-sheeter","13":"it-has-gallery","15":"first","16":"instock","17":"shipping-taxable","18":"product-type-simple"},"_links":{"self":[{"href":"https:\/\/kennersa.com.ar\/index.php\/wp-json\/wp\/v2\/product\/3741","targetHints":{"allow":["GET"]}}],"collection":[{"href":"https:\/\/kennersa.com.ar\/index.php\/wp-json\/wp\/v2\/product"}],"about":[{"href":"https:\/\/kennersa.com.ar\/index.php\/wp-json\/wp\/v2\/types\/product"}],"replies":[{"embeddable":true,"href":"https:\/\/kennersa.com.ar\/index.php\/wp-json\/wp\/v2\/comments?post=3741"}],"wp:featuredmedia":[{"embeddable":true,"href":"https:\/\/kennersa.com.ar\/index.php\/wp-json\/wp\/v2\/media\/4832"}],"wp:attachment":[{"href":"https:\/\/kennersa.com.ar\/index.php\/wp-json\/wp\/v2\/media?parent=3741"}],"wp:term":[{"taxonomy":"product_cat","embeddable":true,"href":"https:\/\/kennersa.com.ar\/index.php\/wp-json\/wp\/v2\/product_cat?post=3741"},{"taxonomy":"product_tag","embeddable":true,"href":"https:\/\/kennersa.com.ar\/index.php\/wp-json\/wp\/v2\/product_tag?post=3741"}],"curies":[{"name":"wp","href":"https:\/\/api.w.org\/{rel}","templated":true}]}}