{"id":3738,"date":"2021-09-29T00:58:15","date_gmt":"2021-09-29T03:58:15","guid":{"rendered":"https:\/\/kennersa.com\/?post_type=product&#038;p=3738"},"modified":"2022-08-13T20:32:31","modified_gmt":"2022-08-13T23:32:31","slug":"edf-feeder-esp","status":"publish","type":"product","link":"https:\/\/kennersa.com.ar\/index.php\/producto\/edf-feeder-esp\/","title":{"rendered":"EDF Feeder"},"content":{"rendered":"<h3><strong>El alimentador EDF es un alimentador vibratorio flexible que es f\u00e1cil de limpiar y altamente controlable.<\/strong><\/h3>\n<p>&nbsp;<\/p>\n<p>Disponible en una variedad de longitudes y anchos, el alimentador vibratorio EDF proporciona un movimiento horizontal confiable, preciso y altamente controlable de una amplia gama de productos alimenticios y no alimenticios granulares secos de flujo libre.<\/p>\n<p>El accionamiento electromagn\u00e9tico de 120 voltios montado debajo del canal crea un dise\u00f1o compacto y utiliza<\/p>\n<p><img fetchpriority=\"high\" decoding=\"async\" class=\"wp-image-3100 alignright\" src=\"https:\/\/kennersa.com\/wp-content\/uploads\/2021\/07\/Vibratory_Feeder_WEBSITE-300x300.png\" alt=\"\" width=\"417\" height=\"417\" \/><\/p>\n<p>controles de estado s\u00f3lido simples para una alimentaci\u00f3n uniforme y un control de velocidad preciso.<\/p>\n<p>&nbsp;<\/p>\n<h4>Caracter\u00edsticas<\/h4>\n<p>\u2022 Superficies de contacto con productos de acero inoxidable<br \/>\n\u2022 Control de velocidad flexible<br \/>\n\u2022 Unidad electromagn\u00e9tica de 120 voltios<br \/>\n\u2022 La parada r\u00e1pida elimina los excesos de material<br \/>\n\u2022 Dise\u00f1o higi\u00e9nico y compacto para una f\u00e1cil limpieza<\/p>\n<h4>Opciones<\/h4>\n<p>\u2022 Independiente o totalmente integrado en un sistema<br \/>\n\u2022 Longitudes y anchos de bandeja totalmente personalizables<\/p>\n","protected":false},"excerpt":{"rendered":"<p>El alimentador EDF es un alimentador vibratorio flexible que es f\u00e1cil de limpiar y altamente controlable. &nbsp; Disponible en una&hellip;<\/p>\n","protected":false},"featured_media":4834,"comment_status":"open","ping_status":"closed","template":"","meta":{"om_disable_all_campaigns":false,"_monsterinsights_skip_tracking":false,"_monsterinsights_sitenote_active":false,"_monsterinsights_sitenote_note":"","_monsterinsights_sitenote_category":0},"product_cat":[61],"product_tag":[43],"class_list":{"0":"post-3738","1":"product","2":"type-product","3":"status-publish","4":"has-post-thumbnail","6":"product_cat-pfi-vibratory-conveyors","7":"product_tag-edf-feeder","8":"it-has-gallery","10":"first","11":"instock","12":"shipping-taxable","13":"product-type-simple"},"_links":{"self":[{"href":"https:\/\/kennersa.com.ar\/index.php\/wp-json\/wp\/v2\/product\/3738","targetHints":{"allow":["GET"]}}],"collection":[{"href":"https:\/\/kennersa.com.ar\/index.php\/wp-json\/wp\/v2\/product"}],"about":[{"href":"https:\/\/kennersa.com.ar\/index.php\/wp-json\/wp\/v2\/types\/product"}],"replies":[{"embeddable":true,"href":"https:\/\/kennersa.com.ar\/index.php\/wp-json\/wp\/v2\/comments?post=3738"}],"wp:featuredmedia":[{"embeddable":true,"href":"https:\/\/kennersa.com.ar\/index.php\/wp-json\/wp\/v2\/media\/4834"}],"wp:attachment":[{"href":"https:\/\/kennersa.com.ar\/index.php\/wp-json\/wp\/v2\/media?parent=3738"}],"wp:term":[{"taxonomy":"product_cat","embeddable":true,"href":"https:\/\/kennersa.com.ar\/index.php\/wp-json\/wp\/v2\/product_cat?post=3738"},{"taxonomy":"product_tag","embeddable":true,"href":"https:\/\/kennersa.com.ar\/index.php\/wp-json\/wp\/v2\/product_tag?post=3738"}],"curies":[{"name":"wp","href":"https:\/\/api.w.org\/{rel}","templated":true}]}}