{"id":3736,"date":"2021-09-29T00:50:25","date_gmt":"2021-09-29T03:50:25","guid":{"rendered":"https:\/\/kennersa.com\/?post_type=product&#038;p=3736"},"modified":"2024-07-07T21:24:52","modified_gmt":"2024-07-08T00:24:52","slug":"dumper-esp","status":"publish","type":"product","link":"https:\/\/kennersa.com.ar\/index.php\/producto\/dumper-esp\/","title":{"rendered":"Dumper"},"content":{"rendered":"<section class=\"product-leadoff\">\n<div class=\"container\">\n<div class=\"content left\">\n<div class=\"row\">\n<h2>El Dumper es un descargador de cajas a granel dise\u00f1ado para proporcionar una transferencia de material eficiente con un da\u00f1o m\u00ednimo al producto.<\/h2>\n<\/div>\n<div class=\"row intro-copy\">\n<p>&nbsp;<\/p>\n<p>PFI ofrece una l\u00ednea completa de descargadores, volquetes, llenadoras y densificadores de cajas a granel dise\u00f1ados para proporcionar una transferencia de material segura y eficiente mientras se minimiza el da\u00f1o al producto. Los dise\u00f1os robustos permiten una operaci\u00f3n confiable y continua capaz de llenar y vaciar cajas que pesan hasta 3,000 libras.<\/p>\n<\/div>\n<\/div>\n<\/div>\n<\/section>\n<ul>\n<li class=\"product-details\">\u00c1ngulo de descarga de 60 grados<\/li>\n<li class=\"product-details\">Operaci\u00f3n continua<\/li>\n<li class=\"product-details\">Conjunto de carro ancho<\/li>\n<li class=\"product-details\">Construcci\u00f3n tubular sanitaria<\/li>\n<\/ul>\n","protected":false},"excerpt":{"rendered":"<p>El Dumper es un descargador de cajas a granel dise\u00f1ado para proporcionar una transferencia de material eficiente con un da\u00f1o&hellip;<\/p>\n","protected":false},"featured_media":4835,"comment_status":"open","ping_status":"closed","template":"","meta":{"om_disable_all_campaigns":false,"_monsterinsights_skip_tracking":false,"_monsterinsights_sitenote_active":false,"_monsterinsights_sitenote_note":"","_monsterinsights_sitenote_category":0},"product_cat":[119],"product_tag":[42,56],"class_list":{"0":"post-3736","1":"product","2":"type-product","3":"status-publish","4":"has-post-thumbnail","6":"product_cat-dumper","7":"product_tag-dumper","8":"product_tag-pfi","9":"it-has-gallery","11":"first","12":"instock","13":"shipping-taxable","14":"product-type-simple"},"_links":{"self":[{"href":"https:\/\/kennersa.com.ar\/index.php\/wp-json\/wp\/v2\/product\/3736","targetHints":{"allow":["GET"]}}],"collection":[{"href":"https:\/\/kennersa.com.ar\/index.php\/wp-json\/wp\/v2\/product"}],"about":[{"href":"https:\/\/kennersa.com.ar\/index.php\/wp-json\/wp\/v2\/types\/product"}],"replies":[{"embeddable":true,"href":"https:\/\/kennersa.com.ar\/index.php\/wp-json\/wp\/v2\/comments?post=3736"}],"wp:featuredmedia":[{"embeddable":true,"href":"https:\/\/kennersa.com.ar\/index.php\/wp-json\/wp\/v2\/media\/4835"}],"wp:attachment":[{"href":"https:\/\/kennersa.com.ar\/index.php\/wp-json\/wp\/v2\/media?parent=3736"}],"wp:term":[{"taxonomy":"product_cat","embeddable":true,"href":"https:\/\/kennersa.com.ar\/index.php\/wp-json\/wp\/v2\/product_cat?post=3736"},{"taxonomy":"product_tag","embeddable":true,"href":"https:\/\/kennersa.com.ar\/index.php\/wp-json\/wp\/v2\/product_tag?post=3736"}],"curies":[{"name":"wp","href":"https:\/\/api.w.org\/{rel}","templated":true}]}}