{"id":3735,"date":"2021-09-29T00:28:40","date_gmt":"2021-09-29T03:28:40","guid":{"rendered":"https:\/\/kennersa.com\/?post_type=product&#038;p=3735"},"modified":"2024-11-10T09:39:40","modified_gmt":"2024-11-10T12:39:40","slug":"distribution-system-esp","status":"publish","type":"product","link":"https:\/\/kennersa.com.ar\/index.php\/producto\/distribution-system-esp\/","title":{"rendered":"Distribution System"},"content":{"rendered":"<p>Los sistemas de distribuci\u00f3n de PFI est\u00e1n dise\u00f1ados teniendo en cuenta los est\u00e1ndares sanitarios y la alta producci\u00f3n.<br \/>\nLos sistemas de distribuci\u00f3n vibratoria de PFI, montados en el piso o en el techo, garantizan que el producto est\u00e9 disponible a pedido en cada punto o estaci\u00f3n de descarga. Estos sistemas de distribuci\u00f3n se pueden adaptar para manejar productos que fluyen libremente y que no son libres mientras se mantienen los m\u00e1s altos est\u00e1ndares sanitarios.<\/p>\n<ul>\n<li>Conexiones populares con:<br \/>\n-Toboganes en espiral<br \/>\n-Magna Pesar<br \/>\n-PURmotion<br \/>\n-Toboganes en espiral<br \/>\n-Magna Pesar<br \/>\n-Vibra-Flex II<br \/>\n-MAGNEflex<br \/>\n-Sistemas de mezcla \/ mezcla<\/li>\n<\/ul>\n<p><strong>CARACTER\u00cdSTICAS<\/strong><\/p>\n<p>\u2022 Dise\u00f1os confiables y de bajo mantenimiento<br \/>\n\u2022 Los alimentadores de b\u00e1sculas brindan inicio \/ parada instant\u00e1neos<\/p>\n<p>&nbsp;<\/p>\n<p><img fetchpriority=\"high\" decoding=\"async\" class=\"size-medium wp-image-3726 alignright\" src=\"https:\/\/kennersa.com\/wp-content\/uploads\/2021\/09\/Vibratory_Distribution_System_WEBSITE-300x300.png\" alt=\"\" width=\"300\" height=\"300\" \/><\/p>\n","protected":false},"excerpt":{"rendered":"<p>Los sistemas de distribuci\u00f3n de PFI est\u00e1n dise\u00f1ados teniendo en cuenta los est\u00e1ndares sanitarios y la alta producci\u00f3n. Los sistemas&hellip;<\/p>\n","protected":false},"featured_media":4836,"comment_status":"open","ping_status":"closed","template":"","meta":{"om_disable_all_campaigns":false,"_monsterinsights_skip_tracking":false,"_monsterinsights_sitenote_active":false,"_monsterinsights_sitenote_note":"","_monsterinsights_sitenote_category":0},"product_cat":[57,67,93],"product_tag":[56],"class_list":{"0":"post-3735","1":"product","2":"type-product","3":"status-publish","4":"has-post-thumbnail","6":"product_cat-pfi","7":"product_cat-pfi-systems","8":"product_cat-sistemas_distribucion","9":"product_tag-pfi","10":"it-has-gallery","12":"first","13":"instock","14":"shipping-taxable","15":"product-type-simple"},"_links":{"self":[{"href":"https:\/\/kennersa.com.ar\/index.php\/wp-json\/wp\/v2\/product\/3735","targetHints":{"allow":["GET"]}}],"collection":[{"href":"https:\/\/kennersa.com.ar\/index.php\/wp-json\/wp\/v2\/product"}],"about":[{"href":"https:\/\/kennersa.com.ar\/index.php\/wp-json\/wp\/v2\/types\/product"}],"replies":[{"embeddable":true,"href":"https:\/\/kennersa.com.ar\/index.php\/wp-json\/wp\/v2\/comments?post=3735"}],"wp:featuredmedia":[{"embeddable":true,"href":"https:\/\/kennersa.com.ar\/index.php\/wp-json\/wp\/v2\/media\/4836"}],"wp:attachment":[{"href":"https:\/\/kennersa.com.ar\/index.php\/wp-json\/wp\/v2\/media?parent=3735"}],"wp:term":[{"taxonomy":"product_cat","embeddable":true,"href":"https:\/\/kennersa.com.ar\/index.php\/wp-json\/wp\/v2\/product_cat?post=3735"},{"taxonomy":"product_tag","embeddable":true,"href":"https:\/\/kennersa.com.ar\/index.php\/wp-json\/wp\/v2\/product_tag?post=3735"}],"curies":[{"name":"wp","href":"https:\/\/api.w.org\/{rel}","templated":true}]}}