{"id":3727,"date":"2021-09-28T18:24:08","date_gmt":"2021-09-28T21:24:08","guid":{"rendered":"https:\/\/kennersa.com\/?post_type=product&#038;p=3727"},"modified":"2022-09-11T11:28:15","modified_gmt":"2022-09-11T14:28:15","slug":"mix-blend-systems","status":"publish","type":"product","link":"https:\/\/kennersa.com.ar\/index.php\/producto\/mix-blend-systems\/","title":{"rendered":"MIX\/BLEND SYSTEMS"},"content":{"rendered":"<section class=\"product-leadoff\">\n<div class=\"container\">\n<div class=\"content left\">\n<div class=\"row\">\n<h3 id=\"tw-target-text\" class=\"tw-data-text tw-text-large XcVN5d tw-ta\" dir=\"ltr\" data-placeholder=\"Traducci\u00f3n\"><span class=\"Y2IQFc\" lang=\"es\">Los sistemas Mix \/ Blend de PFI: <\/span><\/h3>\n<h3 class=\"tw-data-text tw-text-large XcVN5d tw-ta\" dir=\"ltr\" data-placeholder=\"Traducci\u00f3n\"><span class=\"Y2IQFc\" lang=\"es\">Brindan varias funciones y operaciones precisas de monitoreo y porcionado.<\/span><\/h3>\n<\/div>\n<div class=\"row\"><\/div>\n<div class=\"row intro-copy\">\n<p>PFI\u2019s Mix\/Blend Systems Proporcionar porciones precisas y cambios r\u00e1pidos de receta,<\/p>\n<p>ya sea que el producto terminado sea cereales mixtos, mezclas de frutos secos, mezclas de bocadillos o barras de cereales \/ bocadillos.<\/p>\n<p>Los alimentadores de p\u00e9rdida de peso y las puertas f\u00e1cilmente ajustables proporcionan un flujo constante de producto que combina con precisi\u00f3n los ingredientes individuales en una mezcla.<\/p>\n<\/div>\n<\/div>\n<\/div>\n<\/section>\n<section class=\"before-after\">\n<div class=\"row\"><\/div>\n<\/section>\n<section class=\"product-details\">\n<div class=\"container\">\n<div class=\"content\">\n<div class=\"tab_container\">\n<div id=\"detail-tabFeatures\" class=\"tab_content\">\n<div class=\"resource-grid resource-grid-1\">\n<div class=\"text\">\n<div class=\"teaser\">\n<div>\u2022 Construcci\u00f3n sanitaria de acero inoxidable<br \/>\n\u2022 Alimentadores de velocidad variable<br \/>\n\u2022 Dumper de caja hidr\u00e1ulica<br \/>\n\u2022 Transportador de recogida<br \/>\n\u2022 Tolva dosificadora<\/div>\n<\/div>\n<\/div>\n<\/div>\n<\/div>\n<\/div>\n<\/div>\n<\/div>\n<\/section>\n","protected":false},"excerpt":{"rendered":"<p>Los sistemas Mix \/ Blend de PFI: Brindan varias funciones y operaciones precisas de monitoreo y porcionado. PFI\u2019s Mix\/Blend Systems&hellip;<\/p>\n","protected":false},"featured_media":4831,"comment_status":"open","ping_status":"closed","template":"","meta":{"om_disable_all_campaigns":false,"_monsterinsights_skip_tracking":false,"_monsterinsights_sitenote_active":false,"_monsterinsights_sitenote_note":"","_monsterinsights_sitenote_category":0},"product_cat":[129,67],"product_tag":[50,56],"class_list":{"0":"post-3727","1":"product","2":"type-product","3":"status-publish","4":"has-post-thumbnail","6":"product_cat-mix-blendsystems","7":"product_cat-pfi-systems","8":"product_tag-mix-and-blend","9":"product_tag-pfi","11":"first","12":"instock","13":"shipping-taxable","14":"product-type-simple"},"_links":{"self":[{"href":"https:\/\/kennersa.com.ar\/index.php\/wp-json\/wp\/v2\/product\/3727","targetHints":{"allow":["GET"]}}],"collection":[{"href":"https:\/\/kennersa.com.ar\/index.php\/wp-json\/wp\/v2\/product"}],"about":[{"href":"https:\/\/kennersa.com.ar\/index.php\/wp-json\/wp\/v2\/types\/product"}],"replies":[{"embeddable":true,"href":"https:\/\/kennersa.com.ar\/index.php\/wp-json\/wp\/v2\/comments?post=3727"}],"wp:featuredmedia":[{"embeddable":true,"href":"https:\/\/kennersa.com.ar\/index.php\/wp-json\/wp\/v2\/media\/4831"}],"wp:attachment":[{"href":"https:\/\/kennersa.com.ar\/index.php\/wp-json\/wp\/v2\/media?parent=3727"}],"wp:term":[{"taxonomy":"product_cat","embeddable":true,"href":"https:\/\/kennersa.com.ar\/index.php\/wp-json\/wp\/v2\/product_cat?post=3727"},{"taxonomy":"product_tag","embeddable":true,"href":"https:\/\/kennersa.com.ar\/index.php\/wp-json\/wp\/v2\/product_tag?post=3727"}],"curies":[{"name":"wp","href":"https:\/\/api.w.org\/{rel}","templated":true}]}}