{"id":3654,"date":"2021-09-28T16:47:06","date_gmt":"2021-09-28T19:47:06","guid":{"rendered":"https:\/\/kennersa.com\/?post_type=product&#038;p=3654"},"modified":"2024-02-29T23:15:45","modified_gmt":"2024-03-01T02:15:45","slug":"combination-hopper-feeder-esp","status":"publish","type":"product","link":"https:\/\/kennersa.com.ar\/index.php\/producto\/combination-hopper-feeder-esp\/","title":{"rendered":"COMBINATION HOPPER-FEEDER"},"content":{"rendered":"<p>El alimentador-tolva combinado es un sistema personalizado que se adapta a diversas aplicaciones.<\/p>\n<p>La combinaci\u00f3n de tolva \/ alimentador de PFI es totalmente personalizable, lo que brinda una flexibilidad total a su operaci\u00f3n. Ya sea para alimentaci\u00f3n cruzada o alimentaci\u00f3n directa a escala, podemos dise\u00f1ar y fabricar exactamente lo que necesita.<\/p>\n<h4>Caracter\u00edsticas<\/h4>\n<p>\u2022 Superficies de contacto con productos de acero inoxidable<br \/>\n\u2022 Unidad electromagn\u00e9tica de 120 voltios<br \/>\n\u2022 Capacidad de almacenamiento, dimensiones de alimentaci\u00f3n, \u00e1ngulos de inclinaci\u00f3n y acabado de superficie personalizables<\/p>\n<h4>Opciones<\/h4>\n<p>\u2022 Pantallas de alimentaci\u00f3n \/ compuertas para separaci\u00f3n de grupos<br \/>\n\u2022 Estante de carga opcional para mejorar la ergonom\u00eda<br \/>\n\u2022 Construcci\u00f3n de material liso o r\u00edgido<br \/>\n\u2022 Tama\u00f1os y formas de sart\u00e9n personalizables<br \/>\n\u2022 Controles autom\u00e1ticos o manuales<br \/>\n\u2022 Puede integrarse completamente<\/p>\n","protected":false},"excerpt":{"rendered":"<p><strong>combination hopper-feeder<\/strong><\/p>\n","protected":false},"featured_media":4847,"comment_status":"open","ping_status":"closed","template":"","meta":{"om_disable_all_campaigns":false,"_monsterinsights_skip_tracking":false,"_monsterinsights_sitenote_active":false,"_monsterinsights_sitenote_note":"","_monsterinsights_sitenote_category":0},"product_cat":[57,61],"product_tag":[47,103],"class_list":{"0":"post-3654","1":"product","2":"type-product","3":"status-publish","4":"has-post-thumbnail","6":"product_cat-pfi","7":"product_cat-pfi-vibratory-conveyors","8":"product_tag-hopper-feeder","9":"product_tag-transporte-de-alimento","11":"first","12":"instock","13":"shipping-taxable","14":"product-type-simple"},"_links":{"self":[{"href":"https:\/\/kennersa.com.ar\/index.php\/wp-json\/wp\/v2\/product\/3654","targetHints":{"allow":["GET"]}}],"collection":[{"href":"https:\/\/kennersa.com.ar\/index.php\/wp-json\/wp\/v2\/product"}],"about":[{"href":"https:\/\/kennersa.com.ar\/index.php\/wp-json\/wp\/v2\/types\/product"}],"replies":[{"embeddable":true,"href":"https:\/\/kennersa.com.ar\/index.php\/wp-json\/wp\/v2\/comments?post=3654"}],"wp:featuredmedia":[{"embeddable":true,"href":"https:\/\/kennersa.com.ar\/index.php\/wp-json\/wp\/v2\/media\/4847"}],"wp:attachment":[{"href":"https:\/\/kennersa.com.ar\/index.php\/wp-json\/wp\/v2\/media?parent=3654"}],"wp:term":[{"taxonomy":"product_cat","embeddable":true,"href":"https:\/\/kennersa.com.ar\/index.php\/wp-json\/wp\/v2\/product_cat?post=3654"},{"taxonomy":"product_tag","embeddable":true,"href":"https:\/\/kennersa.com.ar\/index.php\/wp-json\/wp\/v2\/product_tag?post=3654"}],"curies":[{"name":"wp","href":"https:\/\/api.w.org\/{rel}","templated":true}]}}