{"id":3653,"date":"2021-09-28T16:45:34","date_gmt":"2021-09-28T19:45:34","guid":{"rendered":"https:\/\/kennersa.com\/?post_type=product&#038;p=3653"},"modified":"2024-06-29T07:48:32","modified_gmt":"2024-06-29T10:48:32","slug":"bucket-ing-copia","status":"publish","type":"product","link":"https:\/\/kennersa.com.ar\/index.php\/producto\/bucket-ing-copia\/","title":{"rendered":"BUCKET"},"content":{"rendered":"<p>La serie Bucket est\u00e1 dise\u00f1ada para ampliar las operaciones de producci\u00f3n y procesamiento.<\/p>\n<p>Con m\u00e1s de seis d\u00e9cadas de experiencia en el dise\u00f1o y fabricaci\u00f3n de elevadores de cangilones, el elevador de cangilones SIMPLEX es el est\u00e1ndar de oro en la industria.<\/p>\n<p>Disponible en una amplia gama de tama\u00f1os, configuraciones y capacidades, todos los dise\u00f1os de SIMPLEX se modifican f\u00e1cilmente para maximizar la utilizaci\u00f3n del espacio, reducir los costos y mejorar la eficiencia del proceso.<\/p>\n<h4><strong>CARACTER\u00cdSTICAS<\/strong><\/h4>\n<p>Cucharones superpuestos estilo V<br \/>\nControles positivos del cuchar\u00f3n<br \/>\nDise\u00f1o de estructura de carcasa cerrada o tubular abierta opcional<br \/>\nConstrucci\u00f3n disponible en acero inoxidable o acero al carbono<br \/>\nConstrucci\u00f3n resistente para una larga vida \u00fatil y bajo mantenimiento<br \/>\nCubos de pl\u00e1stico moldeados por inyecci\u00f3n de alto impacto<br \/>\nPasadores de pivote de cadena extralargos y resistentes<\/p>\n<p>Resistir la flexi\u00f3n<br \/>\nOrugas de cadena separadas de la pared lateral<br \/>\nEl pi\u00f1\u00f3n True Running exclusivo de PFI reduce el desgaste de la placa lateral de la cadena<br \/>\nDise\u00f1o seccional para futuros cambios de longitud<br \/>\nDispositivo de protecci\u00f3n de sobrecarga del limitador de par<\/p>\n<p>&nbsp;<\/p>\n<h4><strong>OPCIONES<\/strong><\/h4>\n<ul>\n<li>Baja capacidad &#8211; Serie 425<\/li>\n<li>Capacidad media &#8211; Serie 462<\/li>\n<li>Alta capacidad &#8211; Serie 482<\/li>\n<li>Desconexi\u00f3n r\u00e1pida<\/li>\n<li>Descarga m\u00faltiple<\/li>\n<li>Forma de C<\/li>\n<\/ul>\n<div class=\"container\">\n<div class=\"text\"><\/div>\n<\/div>\n<p>&nbsp;<\/p>\n","protected":false},"excerpt":{"rendered":"<p>La serie Bucket est\u00e1 dise\u00f1ada para ampliar las operaciones de producci\u00f3n y procesamiento. Con m\u00e1s de seis d\u00e9cadas de experiencia&hellip;<\/p>\n","protected":false},"featured_media":4848,"comment_status":"open","ping_status":"closed","template":"","meta":{"om_disable_all_campaigns":false,"_monsterinsights_skip_tracking":false,"_monsterinsights_sitenote_active":false,"_monsterinsights_sitenote_note":"","_monsterinsights_sitenote_category":0},"product_cat":[114,57],"product_tag":[36,56],"class_list":{"0":"post-3653","1":"product","2":"type-product","3":"status-publish","4":"has-post-thumbnail","6":"product_cat-bucket","7":"product_cat-pfi","8":"product_tag-bucket","9":"product_tag-pfi","11":"first","12":"instock","13":"shipping-taxable","14":"product-type-simple"},"_links":{"self":[{"href":"https:\/\/kennersa.com.ar\/index.php\/wp-json\/wp\/v2\/product\/3653","targetHints":{"allow":["GET"]}}],"collection":[{"href":"https:\/\/kennersa.com.ar\/index.php\/wp-json\/wp\/v2\/product"}],"about":[{"href":"https:\/\/kennersa.com.ar\/index.php\/wp-json\/wp\/v2\/types\/product"}],"replies":[{"embeddable":true,"href":"https:\/\/kennersa.com.ar\/index.php\/wp-json\/wp\/v2\/comments?post=3653"}],"wp:featuredmedia":[{"embeddable":true,"href":"https:\/\/kennersa.com.ar\/index.php\/wp-json\/wp\/v2\/media\/4848"}],"wp:attachment":[{"href":"https:\/\/kennersa.com.ar\/index.php\/wp-json\/wp\/v2\/media?parent=3653"}],"wp:term":[{"taxonomy":"product_cat","embeddable":true,"href":"https:\/\/kennersa.com.ar\/index.php\/wp-json\/wp\/v2\/product_cat?post=3653"},{"taxonomy":"product_tag","embeddable":true,"href":"https:\/\/kennersa.com.ar\/index.php\/wp-json\/wp\/v2\/product_tag?post=3653"}],"curies":[{"name":"wp","href":"https:\/\/api.w.org\/{rel}","templated":true}]}}