{"id":3651,"date":"2021-09-28T13:34:30","date_gmt":"2021-09-28T16:34:30","guid":{"rendered":"https:\/\/kennersa.com\/?post_type=product&#038;p=3651"},"modified":"2022-08-11T09:41:45","modified_gmt":"2022-08-11T12:41:45","slug":"alpha-compact-esp","status":"publish","type":"product","link":"https:\/\/kennersa.com.ar\/index.php\/producto\/alpha-compact-esp\/","title":{"rendered":"Alpha\u00a0Compact"},"content":{"rendered":"<p>Ideal para productos fr\u00e1giles, la gama Alpha Compact se beneficia de una interfaz de pantalla t\u00e1ctil f\u00e1cil de usar.<\/p>\n<p><strong>Especificaci\u00f3n<\/strong><\/p>\n<p>Adecuado para productos fr\u00e1giles<br \/>\n10-24 cabezales de pesaje<br \/>\nVolumen m\u00e1ximo de combinaci\u00f3n de 1.000 ml<br \/>\nVelocidades de hasta 70 y 120 ppm<br \/>\nRango de peso 4-500g<br \/>\nDispersi\u00f3n \u00f3ptima del producto<br \/>\nPiezas de contacto adicionales a prueba de fugas disponibles<br \/>\nPantalla t\u00e1ctil a color RCU-920<br \/>\n<strong>Caracter\u00edsticas adicionales<\/strong><br \/>\nLas celdas de carga de alta frecuencia acortan el tiempo de asentamiento de los ciclos de pesaje y realizan pesaje de alta velocidad<br \/>\nEl sistema Yamato AFC (sistema de control autom\u00e1tico del alimentador) permite una mejor alimentaci\u00f3n; mejorando la precisi\u00f3n y la productividad<br \/>\nLa amplitud mejorada del alimentador permite manipular productos fr\u00e1giles o pegajosos<br \/>\n<strong>Aplicaciones de la industria<\/strong><\/p>\n<p>La b\u00e1scula multicabezal Alpha Compact es ideal para una amplia gama de aplicaciones en la industria de procesamiento de alimentos.<\/p>\n<ul>\n<li>PANADER\u00cdA<\/li>\n<li>CEREAL<\/li>\n<li>MERIENDAS<\/li>\n<li>PASTA<\/li>\n<li>CONFERENCIA<\/li>\n<li>FRUTOS SECOS Y FRUTOS SECOS<\/li>\n<li>GRANULADO<\/li>\n<li>QU\u00cdMICO<\/li>\n<li>HARDWARE<\/li>\n<li>CUIDADO DE LA SALUD<\/li>\n<li>FARMAC\u00c9UTICO<\/li>\n<li>ALIMENTOS PARA MASCOTAS Y ANIMALES<\/li>\n<li>BOLSA EN BOLSA<\/li>\n<\/ul>\n<p>&nbsp;<\/p>\n<div class=\"blk-wrap product-specification-c2a\">\n<div class=\"blk-text\"><\/div>\n<\/div>\n<div class=\"row-inner c2a-page-text full-width flex\">\n<p><iframe title=\"The Alpha Advance series mulithead weigher from Yamato\" width=\"1140\" height=\"641\" src=\"https:\/\/www.youtube.com\/embed\/MdHFVmd7h_k?feature=oembed\" frameborder=\"0\" allow=\"accelerometer; autoplay; clipboard-write; encrypted-media; gyroscope; picture-in-picture\" allowfullscreen><\/iframe><\/p>\n<\/div>\n","protected":false},"excerpt":{"rendered":"<p>La m\u00e1quina ideal para ahorrar espacio<\/p>\n<h4>La misma precisi\u00f3n y velocidad inmejorables, \u00a1solo que m\u00e1s peque\u00f1as!<\/h4>\n<ul>\n<li>Alta precisi\u00f3n<\/li>\n<li>Dise\u00f1o de perfil bajo<\/li>\n<li>F\u00e1cil de limpiar<\/li>\n<li>Adecuado para peque\u00f1os productos fr\u00e1giles<\/li>\n<\/ul>\n","protected":false},"featured_media":5097,"comment_status":"closed","ping_status":"closed","template":"","meta":{"om_disable_all_campaigns":false,"_monsterinsights_skip_tracking":false,"_monsterinsights_sitenote_active":false,"_monsterinsights_sitenote_note":"","_monsterinsights_sitenote_category":0},"product_cat":[113,112],"product_tag":[30,34],"class_list":{"0":"post-3651","1":"product","2":"type-product","3":"status-publish","4":"has-post-thumbnail","6":"product_cat-alpha-series","7":"product_cat-balanzas_yamato","8":"product_tag-alpha-series","9":"product_tag-balanzas","11":"first","12":"instock","13":"shipping-taxable","14":"product-type-simple"},"_links":{"self":[{"href":"https:\/\/kennersa.com.ar\/index.php\/wp-json\/wp\/v2\/product\/3651","targetHints":{"allow":["GET"]}}],"collection":[{"href":"https:\/\/kennersa.com.ar\/index.php\/wp-json\/wp\/v2\/product"}],"about":[{"href":"https:\/\/kennersa.com.ar\/index.php\/wp-json\/wp\/v2\/types\/product"}],"replies":[{"embeddable":true,"href":"https:\/\/kennersa.com.ar\/index.php\/wp-json\/wp\/v2\/comments?post=3651"}],"wp:featuredmedia":[{"embeddable":true,"href":"https:\/\/kennersa.com.ar\/index.php\/wp-json\/wp\/v2\/media\/5097"}],"wp:attachment":[{"href":"https:\/\/kennersa.com.ar\/index.php\/wp-json\/wp\/v2\/media?parent=3651"}],"wp:term":[{"taxonomy":"product_cat","embeddable":true,"href":"https:\/\/kennersa.com.ar\/index.php\/wp-json\/wp\/v2\/product_cat?post=3651"},{"taxonomy":"product_tag","embeddable":true,"href":"https:\/\/kennersa.com.ar\/index.php\/wp-json\/wp\/v2\/product_tag?post=3651"}],"curies":[{"name":"wp","href":"https:\/\/api.w.org\/{rel}","templated":true}]}}