{"id":3649,"date":"2021-09-28T13:14:13","date_gmt":"2021-09-28T16:14:13","guid":{"rendered":"https:\/\/kennersa.com\/?post_type=product&#038;p=3649"},"modified":"2022-08-11T09:39:49","modified_gmt":"2022-08-11T12:39:49","slug":"alpha-advance-waterproof-esp","status":"publish","type":"product","link":"https:\/\/kennersa.com.ar\/index.php\/producto\/alpha-advance-waterproof-esp\/","title":{"rendered":"Alpha Advance Waterproof"},"content":{"rendered":"<p>R\u00e1pida, precisa y rentable, la b\u00e1scula multicabezal Alpha Advance Waterproof es excepcionalmente higi\u00e9nica, lo que la convierte en una soluci\u00f3n ideal para pesar productos congelados (IQF).<\/p>\n<p>Hay dos modelos a prueba de agua disponibles. La versi\u00f3n de 10 cabezales de pesaje es capaz de hasta 60 ppm, mientras que la versi\u00f3n de 14 cabezales de pesaje entrega hasta 120 ppm.<\/p>\n<p>Ambas versiones est\u00e1n disponibles con cabezales de gran capacidad para productos y vol\u00famenes m\u00e1s grandes.<\/p>\n<p><strong>Especificaci\u00f3n<\/strong><br \/>\n10-14 cabezales de pesaje<br \/>\nUna velocidad m\u00e1xima de 60 y 120 ppm.<br \/>\nRango de pesaje de 8g -1.000g<br \/>\nPantalla t\u00e1ctil a color RCU-920 para un funcionamiento sencillo<br \/>\n<strong>Caracter\u00edsticas adicionales<\/strong><br \/>\nLas celdas de carga de alta frecuencia acortan el tiempo de asentamiento de los ciclos de pesaje y realizan pesaje de alta velocidad<br \/>\nEl sistema Yamato AFC (sistema de control autom\u00e1tico del alimentador) permite una mejor alimentaci\u00f3n; mejorando la precisi\u00f3n y la productividad<br \/>\nLa amplitud mejorada del alimentador permite manipular productos fr\u00e1giles o pegajosos<br \/>\n<strong>Aplicaciones de la industria<\/strong><\/p>\n<p>La b\u00e1scula multicabezal Alpha Advance Waterproof es ideal para una amplia gama de aplicaciones en la industria de procesamiento de alimentos.<\/p>\n<ul>\n<li>CARNE DE PESCADO<\/li>\n<li>QUESOS Y L\u00c1CTEOS<\/li>\n<li>PRODUCTOS FRESCOS<\/li>\n<li>PRODUCTOS CONGELADOS<\/li>\n<li>COMIDAS LISTAS<\/li>\n<li>PASTA<\/li>\n<li>CONFITER\u00cdA<\/li>\n<li>QU\u00cdMICO<\/li>\n<li>HARDWARE<\/li>\n<li>CUIDADO DE LA SALUD<\/li>\n<li>FARMAC\u00c9UTICO<\/li>\n<li>ALIMENTOS PARA MASCOTAS Y ANIMALES<\/li>\n<li>BOLSA EN BOLSA<\/li>\n<\/ul>\n","protected":false},"excerpt":{"rendered":"<h4><span class=\"Y2IQFc\" lang=\"es\">Velocidad, precisi\u00f3n y flexibilidad<\/span><\/h4>\n<ul>\n<li><span class=\"Y2IQFc\" lang=\"es\">Cumple con IP65 <\/span><\/li>\n<li><span class=\"Y2IQFc\" lang=\"es\">Construcci\u00f3n higi\u00e9nica para una seguridad alimentaria superior <\/span><\/li>\n<li><span class=\"Y2IQFc\" lang=\"es\">La superficie de acero inoxidable en relieve optimiza la alimentaci\u00f3n del producto <\/span><\/li>\n<li><span class=\"Y2IQFc\" lang=\"es\">Los productos de gran volumen pueden manipularse con modelos de cubos grandes <\/span><\/li>\n<li><span class=\"Y2IQFc\" lang=\"es\">Autodiagn\u00f3stico confiable <\/span><\/li>\n<li><span class=\"Y2IQFc\" lang=\"es\">Apto para productos IQF \/ congelados<\/span><\/li>\n<\/ul>\n","protected":false},"featured_media":5099,"comment_status":"closed","ping_status":"closed","template":"","meta":{"om_disable_all_campaigns":false,"_monsterinsights_skip_tracking":false,"_monsterinsights_sitenote_active":false,"_monsterinsights_sitenote_note":"","_monsterinsights_sitenote_category":0},"product_cat":[113,112],"product_tag":[35],"class_list":{"0":"post-3649","1":"product","2":"type-product","3":"status-publish","4":"has-post-thumbnail","6":"product_cat-alpha-series","7":"product_cat-balanzas_yamato","8":"product_tag-balanzas-waterproof","9":"it-has-gallery","11":"first","12":"instock","13":"shipping-taxable","14":"product-type-simple"},"_links":{"self":[{"href":"https:\/\/kennersa.com.ar\/index.php\/wp-json\/wp\/v2\/product\/3649","targetHints":{"allow":["GET"]}}],"collection":[{"href":"https:\/\/kennersa.com.ar\/index.php\/wp-json\/wp\/v2\/product"}],"about":[{"href":"https:\/\/kennersa.com.ar\/index.php\/wp-json\/wp\/v2\/types\/product"}],"replies":[{"embeddable":true,"href":"https:\/\/kennersa.com.ar\/index.php\/wp-json\/wp\/v2\/comments?post=3649"}],"wp:featuredmedia":[{"embeddable":true,"href":"https:\/\/kennersa.com.ar\/index.php\/wp-json\/wp\/v2\/media\/5099"}],"wp:attachment":[{"href":"https:\/\/kennersa.com.ar\/index.php\/wp-json\/wp\/v2\/media?parent=3649"}],"wp:term":[{"taxonomy":"product_cat","embeddable":true,"href":"https:\/\/kennersa.com.ar\/index.php\/wp-json\/wp\/v2\/product_cat?post=3649"},{"taxonomy":"product_tag","embeddable":true,"href":"https:\/\/kennersa.com.ar\/index.php\/wp-json\/wp\/v2\/product_tag?post=3649"}],"curies":[{"name":"wp","href":"https:\/\/api.w.org\/{rel}","templated":true}]}}