{"id":3648,"date":"2021-09-28T12:54:10","date_gmt":"2021-09-28T15:54:10","guid":{"rendered":"https:\/\/kennersa.com\/?post_type=product&#038;p=3648"},"modified":"2022-07-10T23:09:27","modified_gmt":"2022-07-11T02:09:27","slug":"spreader-esp","status":"publish","type":"product","link":"https:\/\/kennersa.com.ar\/index.php\/producto\/spreader-esp\/","title":{"rendered":"SPREADER"},"content":{"rendered":"<p>El esparcidor es un sistema de transmisi\u00f3n positivo distintivo para un manejo suave y f\u00e1cil operaci\u00f3n.<\/p>\n<p>El dise\u00f1o exclusivo de Spreader de PFI se puede utilizar en una variedad de aplicaciones diferentes, incluidas la convergencia, la divergencia y la difusi\u00f3n de productos empaquetados o no empaquetados.<\/p>\n<p>El esparcidor PFI cuenta con una serie de transmisi\u00f3n positiva de baja tensi\u00f3n de cadenas flexibles de escalera de paso peque\u00f1o que se ejecutan una al lado de la otra para garantizar un manejo suave del producto en transferencias estrechas tanto en los extremos de entrada como de descarga.<\/p>\n<p>Este sistema de transmisi\u00f3n positiva garantiza que la correa no se deslice, lo que da como resultado una orientaci\u00f3n perfecta del producto sin atascos ni apilamientos. Construido para adaptarse a su aplicaci\u00f3n, cada unidad est\u00e1 dise\u00f1ada con un enfoque en el dise\u00f1o sanitario y la facilidad de mantenimiento.<\/p>\n<p>Caracter\u00edsticas<\/p>\n<p>\u2022 Dise\u00f1o Sanitario<br \/>\n\u2022 Sistema de transmisi\u00f3n positiva<br \/>\n\u2022 Transferencias reducidas en los extremos de la entrada y la descarga<br \/>\n\u2022 Bajo mantenimiento<\/p>\n<p>Opciones<br \/>\n\u2022 Opciones de dise\u00f1o personalizables<br \/>\n\u2022 Dise\u00f1os disponibles para converger, divergir y difundir productos empaquetados o no empaquetados.<\/p>\n<p>&nbsp;<\/p>\n<section class=\"promo promo-2\">\n<div class=\"container\">\n<div class=\"image-container\"><\/div>\n<div class=\"text\"><\/div>\n<\/div>\n<\/section>\n","protected":false},"excerpt":{"rendered":"<p>El esparcidor es un sistema de transmisi\u00f3n positivo distintivo para un manejo suave y f\u00e1cil operaci\u00f3n. El dise\u00f1o exclusivo de&hellip;<\/p>\n","protected":false},"featured_media":4853,"comment_status":"open","ping_status":"closed","template":"","meta":{"om_disable_all_campaigns":false,"_monsterinsights_skip_tracking":false,"_monsterinsights_sitenote_active":false,"_monsterinsights_sitenote_note":"","_monsterinsights_sitenote_category":0},"product_cat":[66,96],"product_tag":[56,95],"class_list":{"0":"post-3648","1":"product","2":"type-product","3":"status-publish","4":"has-post-thumbnail","6":"product_cat-pfi-orientating","7":"product_cat-spreader","8":"product_tag-pfi","9":"product_tag-spreader","11":"first","12":"instock","13":"shipping-taxable","14":"product-type-simple"},"_links":{"self":[{"href":"https:\/\/kennersa.com.ar\/index.php\/wp-json\/wp\/v2\/product\/3648","targetHints":{"allow":["GET"]}}],"collection":[{"href":"https:\/\/kennersa.com.ar\/index.php\/wp-json\/wp\/v2\/product"}],"about":[{"href":"https:\/\/kennersa.com.ar\/index.php\/wp-json\/wp\/v2\/types\/product"}],"replies":[{"embeddable":true,"href":"https:\/\/kennersa.com.ar\/index.php\/wp-json\/wp\/v2\/comments?post=3648"}],"wp:featuredmedia":[{"embeddable":true,"href":"https:\/\/kennersa.com.ar\/index.php\/wp-json\/wp\/v2\/media\/4853"}],"wp:attachment":[{"href":"https:\/\/kennersa.com.ar\/index.php\/wp-json\/wp\/v2\/media?parent=3648"}],"wp:term":[{"taxonomy":"product_cat","embeddable":true,"href":"https:\/\/kennersa.com.ar\/index.php\/wp-json\/wp\/v2\/product_cat?post=3648"},{"taxonomy":"product_tag","embeddable":true,"href":"https:\/\/kennersa.com.ar\/index.php\/wp-json\/wp\/v2\/product_tag?post=3648"}],"curies":[{"name":"wp","href":"https:\/\/api.w.org\/{rel}","templated":true}]}}