{"id":3575,"date":"2021-09-27T19:48:22","date_gmt":"2021-09-27T22:48:22","guid":{"rendered":"https:\/\/kennersa.com\/?post_type=product&#038;p=3575"},"modified":"2023-11-29T11:27:44","modified_gmt":"2023-11-29T14:27:44","slug":"tsd-n3-3","status":"publish","type":"product","link":"https:\/\/kennersa.com.ar\/index.php\/producto\/tsd-n3-3\/","title":{"rendered":"TSD-N3"},"content":{"rendered":"<p>&nbsp;<\/p>\n<p><strong>Especificaci\u00f3n<\/strong><\/p>\n<ul>\n<li>Pesaje exacto<\/li>\n<li>Operaci\u00f3n de transportador semiautom\u00e1tico<\/li>\n<li>Construcci\u00f3n de acero inoxidable para una mayor higiene.<\/li>\n<li>Pesa totales de datos y estad\u00edsticas<\/li>\n<li>Extracci\u00f3n de transportadores f\u00e1cil y sin herramientas<\/li>\n<\/ul>\n<p><strong>Caracter\u00edsticas adicionales\u00b7<\/strong><\/p>\n<ul>\n<li>14 cabezas<\/li>\n<li>Cumple con IP67<\/li>\n<li>Adecuado para aplicaciones de mezcla y conteo<\/li>\n<li>Funciona a velocidades de hasta 50 pesajes por minuto<\/li>\n<li>Retorno de la inversi\u00f3n en 6-12 meses<\/li>\n<\/ul>\n<p><strong>Sectores industriales<\/strong><\/p>\n<p>La b\u00e1scula semiautom\u00e1tica TSD-N3 es la soluci\u00f3n de pesaje ideal para ahorrar espacio para:<\/p>\n<p>CARNE DE PESCADO<\/p>\n<p>COMIDAS LISTAS<\/p>\n<p>PRODUCTOS FRESCOS<\/p>\n<p>&nbsp;<\/p>\n<p><iframe title=\"Yamato TSD-N3 Semi-Automatic Weigher\" width=\"1140\" height=\"641\" src=\"https:\/\/www.youtube.com\/embed\/sju8fK-YREg?feature=oembed\" frameborder=\"0\" allow=\"accelerometer; autoplay; clipboard-write; encrypted-media; gyroscope; picture-in-picture\" allowfullscreen><\/iframe><\/p>\n<p>&nbsp;<\/p>\n<p>&nbsp;<\/p>\n","protected":false},"excerpt":{"rendered":"<h4>Reducir el desperdicio y minimizar el da\u00f1o a los productos delicados.<\/h4>\n<ul>\n<li>Reducci\u00f3n de mano de obra<\/li>\n<li>Comprobaci\u00f3n manual de productos en busca de productos fr\u00e1giles<\/li>\n<li>Ca\u00eddas m\u00ednimas en transportadores<\/li>\n<li>Apto para productos delicados<\/li>\n<li>Mejorar la productividad<\/li>\n<\/ul>\n<p>&nbsp;<\/p>\n","protected":false},"featured_media":5106,"comment_status":"open","ping_status":"closed","template":"","meta":{"om_disable_all_campaigns":false,"_monsterinsights_skip_tracking":false,"_monsterinsights_sitenote_active":false,"_monsterinsights_sitenote_note":"","_monsterinsights_sitenote_category":0},"product_cat":[33],"product_tag":[32,106],"class_list":{"0":"post-3575","1":"product","2":"type-product","3":"status-publish","4":"has-post-thumbnail","6":"product_cat-semiautomaticas-balanzas_yamato","7":"product_tag-balanza-semiautomatica","8":"product_tag-tsd-n3","10":"first","11":"instock","12":"shipping-taxable","13":"product-type-simple"},"_links":{"self":[{"href":"https:\/\/kennersa.com.ar\/index.php\/wp-json\/wp\/v2\/product\/3575","targetHints":{"allow":["GET"]}}],"collection":[{"href":"https:\/\/kennersa.com.ar\/index.php\/wp-json\/wp\/v2\/product"}],"about":[{"href":"https:\/\/kennersa.com.ar\/index.php\/wp-json\/wp\/v2\/types\/product"}],"replies":[{"embeddable":true,"href":"https:\/\/kennersa.com.ar\/index.php\/wp-json\/wp\/v2\/comments?post=3575"}],"wp:featuredmedia":[{"embeddable":true,"href":"https:\/\/kennersa.com.ar\/index.php\/wp-json\/wp\/v2\/media\/5106"}],"wp:attachment":[{"href":"https:\/\/kennersa.com.ar\/index.php\/wp-json\/wp\/v2\/media?parent=3575"}],"wp:term":[{"taxonomy":"product_cat","embeddable":true,"href":"https:\/\/kennersa.com.ar\/index.php\/wp-json\/wp\/v2\/product_cat?post=3575"},{"taxonomy":"product_tag","embeddable":true,"href":"https:\/\/kennersa.com.ar\/index.php\/wp-json\/wp\/v2\/product_tag?post=3575"}],"curies":[{"name":"wp","href":"https:\/\/api.w.org\/{rel}","templated":true}]}}