{"id":3572,"date":"2021-09-27T19:35:04","date_gmt":"2021-09-27T22:35:04","guid":{"rendered":"https:\/\/kennersa.com\/?post_type=product&#038;p=3572"},"modified":"2022-09-07T18:54:33","modified_gmt":"2022-09-07T21:54:33","slug":"chequedor-de-peso-j","status":"publish","type":"product","link":"https:\/\/kennersa.com.ar\/index.php\/producto\/chequedor-de-peso-j\/","title":{"rendered":"Chequedor de Peso J"},"content":{"rendered":"<p><strong>J-Series Chequeador<\/strong><\/p>\n<p>Excelente precisi\u00f3n y excelente confiabilidad combinadas<\/p>\n<p>Relaci\u00f3n calidad-precio excepcional<\/p>\n<p>F\u00e1cil de operar y mantener<\/p>\n<p>Higi\u00e9nico y f\u00e1cil de limpiar.<\/p>\n<p>Optimizaci\u00f3n continua del pesaje<\/p>\n<p>Cumplimiento total del mercado (COP)<\/p>\n<p>Seguro y confiable<\/p>\n<p>Flexible y vers\u00e1til<\/p>\n<p>R\u00e1pido y preciso<\/p>\n<p>&nbsp;<\/p>\n<p>Especificaci\u00f3nLas c\u00e9lulas de carga robustas pueden soportar el 1.000 por ciento de su capacidad m\u00e1ximaCelda de carga dual opcional para mayor precisi\u00f3nFunciones de alerta de error y advertencia de reemplazo de piezasFunci\u00f3n de verificaci\u00f3n de rechazo opcionalRango de control de peso hasta 6 kgRango de precisi\u00f3n de +\/- 0,7 gVelocidad l\u00edder en la industria de 480 ppm\u00a0Caracter\u00edsticas adicionalesLas opciones incluyen impresora, salida de producto BCD, funci\u00f3n de parada autom\u00e1tica del transportador y software de adquisici\u00f3n de datosControl de retroalimentaci\u00f3n est\u00e1ndar para cualquier sistema o optimizaci\u00f3n exclusiva de Yamato Las controladoras de peso de la serie J de Yamato est\u00e1n disponibles con un detector de metales de alta fiabilidad.La combinaci\u00f3n ofrece la flexibilidad para ser utilizada en una amplia gama de aplicaciones alimentarias.\u00a0Aplicaciones de la industriaLa serie J es una soluci\u00f3n de control de peso ideal y rentable para una amplia gama de aplicaciones alimentarias.<\/p>\n<p>PANADER\u00cdA<\/p>\n<p>CEREAL<\/p>\n<p>PRODUCTOS FRESCOS<\/p>\n<p>MERIENDAS<\/p>\n<p>PASTA<\/p>\n<p>CONFITER\u00cdA<\/p>\n<p>FRUTOS SECOS Y FRUTOS SECOS<\/p>\n<p>GRANULADO<\/p>\n<p>HARDWARE<\/p>\n<p>CUIDADO DE LA SALUD<\/p>\n<p>FARMAC\u00c9UTICO<\/p>\n<p>ALIMENTOS PARA MASCOTAS Y ANIMALES<\/p>\n<p>BOLSA EN BOLSA<\/p>\n<p><iframe title=\"Yamato Inspection Systems: J Series Checkweigher\" width=\"1140\" height=\"641\" src=\"https:\/\/www.youtube.com\/embed\/dCITfhwunPs?feature=oembed\" frameborder=\"0\" allow=\"accelerometer; autoplay; clipboard-write; encrypted-media; gyroscope; picture-in-picture\" allowfullscreen><\/iframe><\/p>\n","protected":false},"excerpt":{"rendered":"<p>J-Series Chequeador Excelente precisi\u00f3n y excelente confiabilidad combinadas Relaci\u00f3n calidad-precio excepcional F\u00e1cil de operar y mantener Higi\u00e9nico y f\u00e1cil de&hellip;<\/p>\n","protected":false},"featured_media":4891,"comment_status":"open","ping_status":"closed","template":"","meta":{"om_disable_all_campaigns":false,"_monsterinsights_skip_tracking":false,"_monsterinsights_sitenote_active":false,"_monsterinsights_sitenote_note":"","_monsterinsights_sitenote_category":0},"product_cat":[37,87],"product_tag":[88],"class_list":{"0":"post-3572","1":"product","2":"type-product","3":"status-publish","4":"has-post-thumbnail","6":"product_cat-chequeadores-de-peso","7":"product_cat-serie-j","8":"product_tag-serie-j","10":"first","11":"instock","12":"shipping-taxable","13":"product-type-simple"},"_links":{"self":[{"href":"https:\/\/kennersa.com.ar\/index.php\/wp-json\/wp\/v2\/product\/3572","targetHints":{"allow":["GET"]}}],"collection":[{"href":"https:\/\/kennersa.com.ar\/index.php\/wp-json\/wp\/v2\/product"}],"about":[{"href":"https:\/\/kennersa.com.ar\/index.php\/wp-json\/wp\/v2\/types\/product"}],"replies":[{"embeddable":true,"href":"https:\/\/kennersa.com.ar\/index.php\/wp-json\/wp\/v2\/comments?post=3572"}],"wp:featuredmedia":[{"embeddable":true,"href":"https:\/\/kennersa.com.ar\/index.php\/wp-json\/wp\/v2\/media\/4891"}],"wp:attachment":[{"href":"https:\/\/kennersa.com.ar\/index.php\/wp-json\/wp\/v2\/media?parent=3572"}],"wp:term":[{"taxonomy":"product_cat","embeddable":true,"href":"https:\/\/kennersa.com.ar\/index.php\/wp-json\/wp\/v2\/product_cat?post=3572"},{"taxonomy":"product_tag","embeddable":true,"href":"https:\/\/kennersa.com.ar\/index.php\/wp-json\/wp\/v2\/product_tag?post=3572"}],"curies":[{"name":"wp","href":"https:\/\/api.w.org\/{rel}","templated":true}]}}