{"id":3571,"date":"2021-09-27T19:28:19","date_gmt":"2021-09-27T22:28:19","guid":{"rendered":"https:\/\/kennersa.com\/?post_type=product&#038;p=3571"},"modified":"2022-08-13T20:23:56","modified_gmt":"2022-08-13T23:23:56","slug":"chequeadores-de-peso-i","status":"publish","type":"product","link":"https:\/\/kennersa.com.ar\/index.php\/producto\/chequeadores-de-peso-i\/","title":{"rendered":"Chequeadores de Peso I"},"content":{"rendered":"<p><strong>Garantizando el m\u00e1ximo nivel de calidad y seguridad<\/strong><br \/>\n<strong>Yamato presenta la Serie i \u2013 Chequeadores de Peso\u00a0como nuevo modelo insignia.<\/strong><\/p>\n<p><strong>Nuestro nuevo modelo cuenta con:<\/strong><\/p>\n<ul>\n<li><strong>Niveles de rendimiento l\u00edderes en la industria<\/strong><\/li>\n<\/ul>\n<p><strong>&#8211; Velocidad m\u00e1xima: 480ppm (m\u00e1x. 50%)<\/strong><\/p>\n<p><strong>&#8211; M\u00e1xima precisi\u00f3n: + \/ \u2013 0,15 g (m\u00e1x. 50%)<\/strong><\/p>\n<p><strong>* En comparaci\u00f3n con los modelos convencionales:<\/strong><br \/>\n<strong>\u2013 La nueva c\u00e9lula de carga digital no requiere puesta a cero autom\u00e1tica debido a los cambios de temperatura, lo que resulta en una operaci\u00f3n m\u00e1s r\u00e1pida.<\/strong><\/p>\n<ul>\n<li><strong>Operaci\u00f3n f\u00e1cil<\/strong><\/li>\n<\/ul>\n<p><strong>\u201cSistema de ajuste autom\u00e1tico de programa\u201d<\/strong><\/p>\n<p><strong>Este elemento permite detectar ajustes iniciales que se realizaran sin ning\u00fan tipo de par\u00e1metros complicados.<\/strong><\/p>\n<p><strong>&#8211; El nuevo indicador CE3000 emplea una pantalla t\u00e1ctil en color de 12,1 pulgadas y Animaci\u00f3n 3D, lo que ofrece una mayor visibilidad y mayor facilidad de uso<\/strong><\/p>\n<ul>\n<li><strong>Pendiente de la Seguridad Alimentaria<\/strong><\/li>\n<\/ul>\n<p><strong>&#8211; IP67, IP69K compatibles (opcional). IP69K cumplimiento (opcional) permite una alta presi\u00f3n y temperatura del agua de lavado.<\/strong><\/p>\n<p><strong>&#8211; Las patas tubulares minimizan la acumulaci\u00f3n de polvo, mientras que el dise\u00f1o plano y open-frame de la estructura proporcionan una f\u00e1cil limpieza y un alto nivel de seguridad alimentaria.<\/strong><\/p>\n<p><strong>&#8211; Compatible con HACCP y GMP<\/strong><\/p>\n<ul>\n<li><strong>Facil mantenimiento<\/strong><\/li>\n<\/ul>\n<p><strong>&#8211; Las piezas de repuesto poseen la funci\u00f3n de alerta de tiempo<\/strong><\/p>\n<p><strong>El indicador muestra el tiempo para cambiar piezas y realizar las revisiones de mantenimiento. Esto evita aver\u00edas y reduce el tiempo de inactividad al m\u00ednimo.<\/strong><\/p>\n<ul>\n<li><strong>Capacidades de conexi\u00f3n de red (opcional)<\/strong><\/li>\n<\/ul>\n<p>&nbsp;<\/p>\n<p><strong>&#8211; La capacidad de trabajar en red con los dispositivos perif\u00e9ricos, incluyendo Dataweigh, pesadora multicabezal, mejora la tasa de rendimiento de la producci\u00f3n y el ahorro de costes laborales.<\/strong><\/p>\n<ul>\n<li><strong>Manejo de datos \u2013 recuperaci\u00f3n del historial<\/strong><\/li>\n<\/ul>\n<p><strong>Los datos resultantes del historial de funcionamiento, as\u00ed como el valor de un peso, se registra autom\u00e1ticamente y se transfieren a una PC o son guardados en la memoria USB.<\/strong><\/p>\n<ul>\n<li><strong>Dispositivo de rechazo<\/strong><\/li>\n<\/ul>\n<p><strong>Rechazador por brazo a 45 grados (accionado por aire\/motor paso a paso), Rechazador por aire, Rechazador por trampa de caida (Driven Drop Flap Reject), Rechazador por empujador.<\/strong><\/p>\n<ul>\n<li><strong>Opciones<\/strong><\/li>\n<\/ul>\n<p><strong>Doble celda de carga, IP69K (s\u00f3lo montado de f\u00e1brica), una gama m\u00e1s amplia de variaciones de altura, Luz Tri-color, impresoras, transportador autom\u00e1tico Funci\u00f3n Stop (para ahorrar energ\u00eda), Determina la Cantidad y Funci\u00f3n de Peso de Embalaje, funci\u00f3n LAN inal\u00e1mbrica, adquisici\u00f3n de datos, etc.<\/strong><\/p>\n<p><iframe title=\"I Series Short EN\" width=\"1140\" height=\"641\" src=\"https:\/\/www.youtube.com\/embed\/8EPJS8saghs?feature=oembed\" frameborder=\"0\" allow=\"accelerometer; autoplay; clipboard-write; encrypted-media; gyroscope; picture-in-picture\" allowfullscreen><\/iframe><\/p>\n","protected":false},"excerpt":{"rendered":"<p>Garantizando el m\u00e1ximo nivel de calidad y seguridad Yamato presenta la Serie i \u2013 Chequeadores de Peso\u00a0como nuevo modelo insignia.&hellip;<\/p>\n","protected":false},"featured_media":5100,"comment_status":"open","ping_status":"closed","template":"","meta":{"om_disable_all_campaigns":false,"_monsterinsights_skip_tracking":false,"_monsterinsights_sitenote_active":false,"_monsterinsights_sitenote_note":"","_monsterinsights_sitenote_category":0},"product_cat":[37,86],"product_tag":[85],"class_list":{"0":"post-3571","1":"product","2":"type-product","3":"status-publish","4":"has-post-thumbnail","6":"product_cat-chequeadores-de-peso","7":"product_cat-serie-i","8":"product_tag-serie-i","10":"first","11":"instock","12":"shipping-taxable","13":"product-type-simple"},"_links":{"self":[{"href":"https:\/\/kennersa.com.ar\/index.php\/wp-json\/wp\/v2\/product\/3571","targetHints":{"allow":["GET"]}}],"collection":[{"href":"https:\/\/kennersa.com.ar\/index.php\/wp-json\/wp\/v2\/product"}],"about":[{"href":"https:\/\/kennersa.com.ar\/index.php\/wp-json\/wp\/v2\/types\/product"}],"replies":[{"embeddable":true,"href":"https:\/\/kennersa.com.ar\/index.php\/wp-json\/wp\/v2\/comments?post=3571"}],"wp:featuredmedia":[{"embeddable":true,"href":"https:\/\/kennersa.com.ar\/index.php\/wp-json\/wp\/v2\/media\/5100"}],"wp:attachment":[{"href":"https:\/\/kennersa.com.ar\/index.php\/wp-json\/wp\/v2\/media?parent=3571"}],"wp:term":[{"taxonomy":"product_cat","embeddable":true,"href":"https:\/\/kennersa.com.ar\/index.php\/wp-json\/wp\/v2\/product_cat?post=3571"},{"taxonomy":"product_tag","embeddable":true,"href":"https:\/\/kennersa.com.ar\/index.php\/wp-json\/wp\/v2\/product_tag?post=3571"}],"curies":[{"name":"wp","href":"https:\/\/api.w.org\/{rel}","templated":true}]}}