{"id":3557,"date":"2021-09-27T18:52:43","date_gmt":"2021-09-27T21:52:43","guid":{"rendered":"https:\/\/kennersa.com\/?post_type=product&#038;p=3557"},"modified":"2024-06-29T12:25:09","modified_gmt":"2024-06-29T15:25:09","slug":"sigma-snack","status":"publish","type":"product","link":"https:\/\/kennersa.com.ar\/index.php\/producto\/sigma-snack\/","title":{"rendered":"Sigma Snack"},"content":{"rendered":"<p>Hemos creado la versi\u00f3n Sigma-Snack, una pesadora multicabezal para papas fritas y aperitivos, para adaptarse alas necesidades especificas de nuestros clientes en la industria de snacks, la cual exig\u00eda mayor precisi\u00f3n en el manejo de productos fr\u00e1giles sin da\u00f1arlos ni comprometer la velocidad.<\/p>\n<p>La consola de comandos interactivos avanzados (RCU-810-A) est\u00e1 disponible en todas las maquinas de la serie Sigma F1, y asiste a los operadores de control de l\u00ednea en todos los aspectos de las funciones operativas de la maquina. Con el control de retroalimentaci\u00f3n, contando con software propio, lectores de c\u00f3digos de barras y software de adquisici\u00f3n de datos, la AICC-SE es un sistema totalmente innovador que puede ofrecer un apoyo operativo superior para su pesadora multicabezal serie Sigma F1.<\/p>\n<ul>\n<li>Reducir el consumo de energ\u00eda hasta en un 60%<\/li>\n<li>Asegura una alimentaci\u00f3n de producto \u00f3ptima y continua<\/li>\n<li>Concepto de mantenimiento avanzado para minimizar el tiempo de inactividad<\/li>\n<li>Cuenta con autoajuste y control autom\u00e1tico de alimentaci\u00f3n.<\/li>\n<li>Funcionamiento sencillo con pantalla t\u00e1ctil a color de 10,4 \u2033 f\u00e1cil de usar<\/li>\n<\/ul>\n<p><img fetchpriority=\"high\" decoding=\"async\" class=\"alignnone size-medium wp-image-3558\" src=\"https:\/\/kennersa.com\/wp-content\/uploads\/2021\/09\/sigmasnack-300x300.jpg\" alt=\"\" width=\"300\" height=\"300\" \/><img decoding=\"async\" class=\"alignnone size-full wp-image-3559\" src=\"https:\/\/kennersa.com\/wp-content\/uploads\/2021\/09\/sigmasnack1.jpg\" alt=\"\" width=\"225\" height=\"300\" \/><\/p>\n","protected":false},"excerpt":{"rendered":"<p>Hemos creado la versi\u00f3n Sigma-Snack, una pesadora multicabezal para papas fritas y aperitivos, para adaptarse alas necesidades especificas de nuestros&hellip;<\/p>\n","protected":false},"featured_media":5108,"comment_status":"open","ping_status":"closed","template":"","meta":{"om_disable_all_campaigns":false,"_monsterinsights_skip_tracking":false,"_monsterinsights_sitenote_active":false,"_monsterinsights_sitenote_note":"","_monsterinsights_sitenote_category":0},"product_cat":[132,112],"product_tag":[],"class_list":{"0":"post-3557","1":"product","2":"type-product","3":"status-publish","4":"has-post-thumbnail","6":"product_cat-sigma","7":"product_cat-balanzas_yamato","9":"first","10":"instock","11":"shipping-taxable","12":"product-type-simple"},"_links":{"self":[{"href":"https:\/\/kennersa.com.ar\/index.php\/wp-json\/wp\/v2\/product\/3557","targetHints":{"allow":["GET"]}}],"collection":[{"href":"https:\/\/kennersa.com.ar\/index.php\/wp-json\/wp\/v2\/product"}],"about":[{"href":"https:\/\/kennersa.com.ar\/index.php\/wp-json\/wp\/v2\/types\/product"}],"replies":[{"embeddable":true,"href":"https:\/\/kennersa.com.ar\/index.php\/wp-json\/wp\/v2\/comments?post=3557"}],"wp:featuredmedia":[{"embeddable":true,"href":"https:\/\/kennersa.com.ar\/index.php\/wp-json\/wp\/v2\/media\/5108"}],"wp:attachment":[{"href":"https:\/\/kennersa.com.ar\/index.php\/wp-json\/wp\/v2\/media?parent=3557"}],"wp:term":[{"taxonomy":"product_cat","embeddable":true,"href":"https:\/\/kennersa.com.ar\/index.php\/wp-json\/wp\/v2\/product_cat?post=3557"},{"taxonomy":"product_tag","embeddable":true,"href":"https:\/\/kennersa.com.ar\/index.php\/wp-json\/wp\/v2\/product_tag?post=3557"}],"curies":[{"name":"wp","href":"https:\/\/api.w.org\/{rel}","templated":true}]}}