{"id":3550,"date":"2021-09-27T18:40:38","date_gmt":"2021-09-27T21:40:38","guid":{"rendered":"https:\/\/kennersa.com\/?post_type=product&#038;p=3550"},"modified":"2024-03-02T23:10:35","modified_gmt":"2024-03-03T02:10:35","slug":"sigma-plus","status":"publish","type":"product","link":"https:\/\/kennersa.com.ar\/index.php\/producto\/sigma-plus\/","title":{"rendered":"Sigma Plus"},"content":{"rendered":"<h1 class=\"h4\" lang=\"es-ES\" align=\"JUSTIFY\">Sigma F1 Plus<\/h1>\n<p><strong>La pesadora multicabezal Sigma F1 Plus es el resultado de la innovaci\u00f3n y evoluci\u00f3n. Esta potente unidad de procesamiento central ofrecemayor velocidad de funcionamiento adem\u00e1s de presici\u00f3n. Adecuada para IQF\/Productos congelados.<\/strong><br \/>\n<strong>La misma puede pesar velocidades de hasta 300WPM. Tiene un dise\u00f1o de acero inoxidable, por lo que es f\u00e1cil de limpiar. Todos sus platos de alimentaci\u00f3n lineales son f\u00e1ciles de colocar y de remover. Cuenta con cubos muy robustos y duraderos.<\/strong><br \/>\n<strong>Sigma F1 Plus es totalmente compatible con el est\u00e1ndar IP65 y ofrece una protecci\u00f3n completa contra los sistemas el\u00e9ctricos y\/o electr\u00f3nicos internos y contaminantes da\u00f1inos, como el polvo. Posee actuadores modulares plug-in y cubos totalmente intercambiables que contribuyen a disminuir la perdida de tiempo, lo cual minimiza la interrupci\u00f3n de su productividad. Su mantenimiento es f\u00e1cil y r\u00e1pido.<\/strong><br \/>\n<img decoding=\"async\" class=\"alignnone size-medium wp-image-3551\" src=\"https:\/\/kennersa.com\/wp-content\/uploads\/2021\/09\/sigma-plus-300x165.jpg\" alt=\"\" width=\"300\" height=\"165\" \/><\/p>\n<p><strong>Caracter\u00edsticas Sigma F1 Plus<\/strong><\/p>\n<ul>\n<li><strong>Incre\u00edblemente Higi\u00e9nico<\/strong><\/li>\n<li><strong>Durable<\/strong><\/li>\n<li><strong>M\u00e1ximo tiempo de funcionamiento<\/strong><\/li>\n<li><strong>Perfiles ajustables con puertas de apertura y cierre<\/strong><\/li>\n<li><strong>Control de alimentaci\u00f3n lineal<\/strong><\/li>\n<li><strong>C\u00e9lula de carga central para el sistema de alimentaci\u00f3n auxiliar<\/strong><\/li>\n<li><strong>Tiras sin herramientas debajo<\/strong><\/li>\n<\/ul>\n<p><strong>Detalles T\u00e9cnicos<\/strong><br \/>\n<strong>La gama Sigma F1 Plus est\u00e1 disponible en 21 versiones diferentes, para satisfacer sus necesidades a trav\u00e9s de una variedad de aplicaciones.<\/strong><br \/>\n<strong>Informaci\u00f3n General<\/strong><\/p>\n<ul>\n<li><strong>Pesan hasta 24 cabezales<\/strong><\/li>\n<li><strong>Disponibilidad de Maquinas Individuales o Dobles<\/strong><\/li>\n<li><strong>Pesaje M\u00e1ximo de hasta 5000gr p\/ paquete o 16000ml<\/strong><\/li>\n<li><strong>Velocidades m\u00e1ximas hasta 300WPM<\/strong><\/li>\n<li><strong>Hasta 4 puntos de descarga (modelos: 420MV, 424MV, 524MV)<\/strong><\/li>\n<li><strong>Variedad de dimensiones, seg\u00fan sus necesidades de espacio<\/strong><\/li>\n<\/ul>\n<p><iframe title=\"The Yamato Sigma multihead weigher\" width=\"1140\" height=\"641\" src=\"https:\/\/www.youtube.com\/embed\/vDH9k5C2d0M?feature=oembed\" frameborder=\"0\" allow=\"accelerometer; autoplay; clipboard-write; encrypted-media; gyroscope; picture-in-picture\" allowfullscreen><\/iframe><\/p>\n","protected":false},"excerpt":{"rendered":"<p>Sigma F1 Plus La pesadora multicabezal Sigma F1 Plus es el resultado de la innovaci\u00f3n y evoluci\u00f3n. Esta potente unidad&hellip;<\/p>\n","protected":false},"featured_media":5104,"comment_status":"open","ping_status":"closed","template":"","meta":{"om_disable_all_campaigns":false,"_monsterinsights_skip_tracking":false,"_monsterinsights_sitenote_active":false,"_monsterinsights_sitenote_note":"","_monsterinsights_sitenote_category":0},"product_cat":[132,112],"product_tag":[34,92],"class_list":{"0":"post-3550","1":"product","2":"type-product","3":"status-publish","4":"has-post-thumbnail","6":"product_cat-sigma","7":"product_cat-balanzas_yamato","8":"product_tag-balanzas","9":"product_tag-sigma","11":"first","12":"instock","13":"shipping-taxable","14":"product-type-simple"},"_links":{"self":[{"href":"https:\/\/kennersa.com.ar\/index.php\/wp-json\/wp\/v2\/product\/3550","targetHints":{"allow":["GET"]}}],"collection":[{"href":"https:\/\/kennersa.com.ar\/index.php\/wp-json\/wp\/v2\/product"}],"about":[{"href":"https:\/\/kennersa.com.ar\/index.php\/wp-json\/wp\/v2\/types\/product"}],"replies":[{"embeddable":true,"href":"https:\/\/kennersa.com.ar\/index.php\/wp-json\/wp\/v2\/comments?post=3550"}],"wp:featuredmedia":[{"embeddable":true,"href":"https:\/\/kennersa.com.ar\/index.php\/wp-json\/wp\/v2\/media\/5104"}],"wp:attachment":[{"href":"https:\/\/kennersa.com.ar\/index.php\/wp-json\/wp\/v2\/media?parent=3550"}],"wp:term":[{"taxonomy":"product_cat","embeddable":true,"href":"https:\/\/kennersa.com.ar\/index.php\/wp-json\/wp\/v2\/product_cat?post=3550"},{"taxonomy":"product_tag","embeddable":true,"href":"https:\/\/kennersa.com.ar\/index.php\/wp-json\/wp\/v2\/product_tag?post=3550"}],"curies":[{"name":"wp","href":"https:\/\/api.w.org\/{rel}","templated":true}]}}