{"id":3110,"date":"2021-07-19T01:34:39","date_gmt":"2021-07-19T04:34:39","guid":{"rendered":"https:\/\/kennersa.com.ar\/?post_type=product&#038;p=3110"},"modified":"2024-07-17T07:49:33","modified_gmt":"2024-07-17T10:49:33","slug":"eleveyor-2","status":"publish","type":"product","link":"https:\/\/kennersa.com.ar\/index.php\/producto\/eleveyor-2\/","title":{"rendered":"Eleveyor"},"content":{"rendered":"<h3>El Eleveyor es un sistema de transportador inclinado probado y personalizado dise\u00f1ado para impactar en todas las aplicaciones y requisitos.<\/h3>\n<h6>Eleveyor Conveyor System de PFI lidera la industria en dise\u00f1o sanitario para transporte inclinado. Con un dise\u00f1o probado y una construcci\u00f3n robusta, el Eleveyor ser\u00e1 un transportador confiable en su planta durante muchos a\u00f1os.<\/h6>\n<h6>Cada Eleveyor est\u00e1 dise\u00f1ado y construido especialmente para sus aplicaciones y requisitos.<\/h6>\n<p>&nbsp;<\/p>\n<h4>Caracter\u00edsticas<\/h4>\n<p>\u2022 Sistema de transmisi\u00f3n positiva<br \/>\n\u2022 Cintur\u00f3n de seguimiento autom\u00e1tico<br \/>\n\u2022 Recopilaciones de liberaci\u00f3n r\u00e1pida<br \/>\n\u2022 Dise\u00f1o Sanitario<br \/>\n\u2022 Bajo mantenimiento<br \/>\n\u2022 Operaci\u00f3n silenciosa<br \/>\n\u2022 Extracci\u00f3n del soporte del cintur\u00f3n sin herramientas<\/p>\n<h4>Opciones<\/h4>\n<p>\u2022 Desenganche r\u00e1pido o recogida neum\u00e1tica<br \/>\n\u2022 Opciones de dise\u00f1o personalizado<br \/>\n\u2022 C.I.P. Sistema<br \/>\n\u2022 Raspador de banda ponderado sin herramientas<\/p>\n<p>&nbsp;<\/p>\n<p><img fetchpriority=\"high\" decoding=\"async\" class=\"size-medium wp-image-3024 alignright\" src=\"https:\/\/kennersa.com.ar\/wp-content\/uploads\/2021\/06\/Eleveyor-300x300.png\" alt=\"\" width=\"300\" height=\"300\" \/><\/p>\n<p>&nbsp;<\/p>\n","protected":false},"excerpt":{"rendered":"<p>El Eleveyor es un sistema de transportador inclinado probado y personalizado dise\u00f1ado para impactar en todas las aplicaciones y requisitos.&hellip;<\/p>\n","protected":false},"featured_media":4826,"comment_status":"open","ping_status":"closed","template":"","meta":{"om_disable_all_campaigns":false,"_monsterinsights_skip_tracking":false,"_monsterinsights_sitenote_active":false,"_monsterinsights_sitenote_note":"","_monsterinsights_sitenote_category":0},"product_cat":[121,57,64],"product_tag":[44,56],"class_list":{"0":"post-3110","1":"product","2":"type-product","3":"status-publish","4":"has-post-thumbnail","6":"product_cat-eleveyor-transporte-de-alimento","7":"product_cat-pfi","8":"product_cat-pfi-belt-conveyors","9":"product_tag-eleveyor","10":"product_tag-pfi","11":"it-has-gallery","13":"first","14":"instock","15":"shipping-taxable","16":"product-type-simple"},"_links":{"self":[{"href":"https:\/\/kennersa.com.ar\/index.php\/wp-json\/wp\/v2\/product\/3110","targetHints":{"allow":["GET"]}}],"collection":[{"href":"https:\/\/kennersa.com.ar\/index.php\/wp-json\/wp\/v2\/product"}],"about":[{"href":"https:\/\/kennersa.com.ar\/index.php\/wp-json\/wp\/v2\/types\/product"}],"replies":[{"embeddable":true,"href":"https:\/\/kennersa.com.ar\/index.php\/wp-json\/wp\/v2\/comments?post=3110"}],"wp:featuredmedia":[{"embeddable":true,"href":"https:\/\/kennersa.com.ar\/index.php\/wp-json\/wp\/v2\/media\/4826"}],"wp:attachment":[{"href":"https:\/\/kennersa.com.ar\/index.php\/wp-json\/wp\/v2\/media?parent=3110"}],"wp:term":[{"taxonomy":"product_cat","embeddable":true,"href":"https:\/\/kennersa.com.ar\/index.php\/wp-json\/wp\/v2\/product_cat?post=3110"},{"taxonomy":"product_tag","embeddable":true,"href":"https:\/\/kennersa.com.ar\/index.php\/wp-json\/wp\/v2\/product_tag?post=3110"}],"curies":[{"name":"wp","href":"https:\/\/api.w.org\/{rel}","templated":true}]}}