{"id":4511,"date":"2021-10-15T18:36:03","date_gmt":"2021-10-15T21:36:03","guid":{"rendered":"https:\/\/kennersa.com\/?page_id=4511"},"modified":"2021-10-15T18:36:03","modified_gmt":"2021-10-15T21:36:03","slug":"cereals","status":"publish","type":"page","link":"https:\/\/kennersa.com.ar\/index.php\/cereals\/","title":{"rendered":"Cereals"},"content":{"rendered":"\t\t<div data-elementor-type=\"wp-page\" data-elementor-id=\"4511\" class=\"elementor elementor-4511\">\n\t\t\t\t\t\t<section class=\"elementor-section elementor-top-section elementor-element elementor-element-1a01d24e elementor-section-boxed elementor-section-height-default elementor-section-height-default\" data-id=\"1a01d24e\" data-element_type=\"section\">\n\t\t\t\t\t\t<div class=\"elementor-container elementor-column-gap-default\">\n\t\t\t\t\t<div class=\"elementor-column elementor-col-100 elementor-top-column elementor-element elementor-element-701a049a\" data-id=\"701a049a\" data-element_type=\"column\">\n\t\t\t<div class=\"elementor-widget-wrap elementor-element-populated\">\n\t\t\t\t\t\t<div class=\"elementor-element elementor-element-2e013235 elementor-widget elementor-widget-text-editor\" data-id=\"2e013235\" data-element_type=\"widget\" data-widget_type=\"text-editor.default\">\n\t\t\t\t<div class=\"elementor-widget-container\">\n\t\t\t<style>\/*! elementor - v3.23.0 - 15-07-2024 *\/\n.elementor-widget-text-editor.elementor-drop-cap-view-stacked .elementor-drop-cap{background-color:#69727d;color:#fff}.elementor-widget-text-editor.elementor-drop-cap-view-framed .elementor-drop-cap{color:#69727d;border:3px solid;background-color:transparent}.elementor-widget-text-editor:not(.elementor-drop-cap-view-default) .elementor-drop-cap{margin-top:8px}.elementor-widget-text-editor:not(.elementor-drop-cap-view-default) .elementor-drop-cap-letter{width:1em;height:1em}.elementor-widget-text-editor .elementor-drop-cap{float:left;text-align:center;line-height:1;font-size:50px}.elementor-widget-text-editor .elementor-drop-cap-letter{display:inline-block}<\/style>\t\t\t\t<section class=\"elementor-section elementor-top-section elementor-element elementor-element-f9f2898 elementor-section-boxed elementor-section-height-default elementor-section-height-default\" data-id=\"f9f2898\" data-element_type=\"section\"><div class=\"elementor-container elementor-column-gap-default\"><div class=\"elementor-column elementor-col-100 elementor-top-column elementor-element elementor-element-21bb851\" data-id=\"21bb851\" data-element_type=\"column\"><div class=\"elementor-widget-wrap elementor-element-populated\"><div class=\"elementor-element elementor-element-e259b55 elementor-widget elementor-widget-text-editor\" data-id=\"e259b55\" data-element_type=\"widget\" data-widget_type=\"text-editor.default\"><div class=\"elementor-widget-container\">\u00a0<\/div><\/div><\/div><\/div><\/div><\/section><p>We can weigh all kinds of cereal applications, including oatmeal, flakes or puffed products, Rice, Quinoa and more.<\/p><p>Options are available on our combination scales for cereal products that are prone to dust or covered in sugar. .<\/p><p>Integre las b\u00e1sculas Yamato con VFFS, HFFS o l\u00edneas de bolsas, bandejas, tazas, tarrinas, frascos o tazones prefabricados para varios estilos y tama\u00f1os de paquetes.<\/p><p>Yamato can weigh:<\/p><ul><li>Cereal\u00a0<\/li><li>Granola, big wave<\/li><li>Oatmeal\u00a0<\/li><li>Rice<\/li><li>Wheat<\/li><li>Quinoa<\/li><\/ul><p>and more!<\/p><div class=\"fusion-clearfix\">\u00a0<\/div><p><img fetchpriority=\"high\" decoding=\"async\" class=\"alignnone size-medium wp-image-3879\" src=\"https:\/\/kennersa.com\/wp-content\/uploads\/2021\/10\/cereal_2-1536x1024-1-300x200.jpg\" alt=\"\" width=\"300\" height=\"200\" \/><img decoding=\"async\" class=\"alignnone size-medium wp-image-3880\" src=\"https:\/\/kennersa.com\/wp-content\/uploads\/2021\/10\/cereal_3-1536x1037-1-300x203.jpg\" alt=\"\" width=\"300\" height=\"203\" \/><\/p><div class=\"fusion-clearfix\">\u00a0<\/div><div class=\"fusion-clearfix\">\u00a0<\/div>\t\t\t\t\t\t<\/div>\n\t\t\t\t<\/div>\n\t\t\t\t\t<\/div>\n\t\t<\/div>\n\t\t\t\t\t<\/div>\n\t\t<\/section>\n\t\t\t\t<section class=\"elementor-section elementor-top-section elementor-element elementor-element-95e0e20 elementor-section-boxed elementor-section-height-default elementor-section-height-default\" data-id=\"95e0e20\" data-element_type=\"section\">\n\t\t\t\t\t\t<div class=\"elementor-container elementor-column-gap-default\">\n\t\t\t\t\t<div class=\"elementor-column elementor-col-100 elementor-top-column elementor-element elementor-element-862980f\" data-id=\"862980f\" data-element_type=\"column\">\n\t\t\t<div class=\"elementor-widget-wrap\">\n\t\t\t\t\t\t\t<\/div>\n\t\t<\/div>\n\t\t\t\t\t<\/div>\n\t\t<\/section>\n\t\t\t\t<\/div>\n\t\t","protected":false},"excerpt":{"rendered":"<p>\u00a0 We can weigh all kinds of cereal applications, including oatmeal, flakes or puffed products, Rice, Quinoa and more. Options&hellip;<\/p>\n","protected":false},"author":1,"featured_media":0,"parent":0,"menu_order":0,"comment_status":"closed","ping_status":"closed","template":"","meta":{"om_disable_all_campaigns":false,"_monsterinsights_skip_tracking":false,"_monsterinsights_sitenote_active":false,"_monsterinsights_sitenote_note":"","_monsterinsights_sitenote_category":0,"footnotes":""},"class_list":["post-4511","page","type-page","status-publish","hentry"],"_links":{"self":[{"href":"https:\/\/kennersa.com.ar\/index.php\/wp-json\/wp\/v2\/pages\/4511","targetHints":{"allow":["GET"]}}],"collection":[{"href":"https:\/\/kennersa.com.ar\/index.php\/wp-json\/wp\/v2\/pages"}],"about":[{"href":"https:\/\/kennersa.com.ar\/index.php\/wp-json\/wp\/v2\/types\/page"}],"author":[{"embeddable":true,"href":"https:\/\/kennersa.com.ar\/index.php\/wp-json\/wp\/v2\/users\/1"}],"replies":[{"embeddable":true,"href":"https:\/\/kennersa.com.ar\/index.php\/wp-json\/wp\/v2\/comments?post=4511"}],"version-history":[{"count":0,"href":"https:\/\/kennersa.com.ar\/index.php\/wp-json\/wp\/v2\/pages\/4511\/revisions"}],"wp:attachment":[{"href":"https:\/\/kennersa.com.ar\/index.php\/wp-json\/wp\/v2\/media?parent=4511"}],"curies":[{"name":"wp","href":"https:\/\/api.w.org\/{rel}","templated":true}]}}