{"id":3818,"date":"2021-10-03T19:44:30","date_gmt":"2021-10-03T22:44:30","guid":{"rendered":"https:\/\/kennersa.com\/?page_id=3818"},"modified":"2025-04-06T08:28:42","modified_gmt":"2025-04-06T11:28:42","slug":"aplicacion-detergente-y-granulados","status":"publish","type":"page","link":"https:\/\/kennersa.com.ar\/index.php\/aplicacion-detergente-y-granulados\/","title":{"rendered":"Yerba Mate y derivados, Detergente y Granulados"},"content":{"rendered":"<p>Las balanzas Yamato pueden manipular detergentes y otros productos granulares. Las bandejas de alimentaci\u00f3n lineal en forma de U est\u00e1n dise\u00f1adas para controlar los productos granulares que fluyen libremente, y el sellado adicional en todos los cubos ayuda a prevenir fugas.<\/p>\n<p>Las balanzas combinadas Yamato est\u00e1n rodeadas por un recinto antipolvo sellado para el pesaje adecuado de estas aplicaciones.<\/p>\n<h5>Yamato puede pesar:<\/h5>\n<ul>\n<li>Az\u00facar<\/li>\n<li>Harina<\/li>\n<li>Caf\u00e9<\/li>\n<li>T\u00e9<\/li>\n<li>Detergentes granulados<\/li>\n<li>Vainas de lavander\u00eda<\/li>\n<li>Vainas de lavavajillas<\/li>\n<li>Yerba Mate y mas<\/li>\n<\/ul>\n<p><img fetchpriority=\"high\" decoding=\"async\" src=\"https:\/\/kennersa.com.ar\/wp-content\/uploads\/2021\/10\/granulados_brown-sugar-300x200.jpg\" alt=\"\" width=\"300\" height=\"200\" \/><img decoding=\"async\" src=\"https:\/\/kennersa.com.ar\/wp-content\/uploads\/2021\/10\/descarga.jpg\" alt=\"\" width=\"300\" height=\"168\" \/><\/p>\n<h2>Alpha Plus Granular<\/h2>\n<p><!-- Product Title --><br \/>\n<a href=\"https:\/\/kennersa.com.ar\/index.php\/producto\/alpha-plus-granular\/\">Alpha Plus Granular<\/a><br \/>\n<!-- Product Price --><br \/>\n<!-- Product short description -->seleccione la imagen para ver informacion sobre el equipo<br \/>\n<!-- Product cart link --><br \/>\n<a href=\"https:\/\/kennersa.com.ar\/index.php\/producto\/alpha-plus-granular\/\"><img decoding=\"async\" src=\"https:\/\/kennersa.com.ar\/wp-content\/uploads\/2021\/09\/alphaPlusGranular-1.jpg\" alt=\"\" width=\"211\" height=\"271\" \/><\/a><\/p>\n<h2><\/h2>\n<p><!-- Product Title --><\/p>\n<h2>Chequedor de Peso J<\/h2>\n<p><a href=\"https:\/\/kennersa.com.ar\/index.php\/producto\/chequedor-de-peso-j\/\">Chequedor de Peso J<\/a><\/p>\n<p><!-- Product cart link --><br \/>\n<a href=\"https:\/\/kennersa.com.ar\/index.php\/producto\/chequedor-de-peso-j\/\"><img loading=\"lazy\" decoding=\"async\" src=\"https:\/\/kennersa.com.ar\/wp-content\/uploads\/2021\/09\/csh_30LL_01-300x300.jpg\" sizes=\"(max-width: 300px) 100vw, 300px\" srcset=\"https:\/\/kennersa.com.ar\/wp-content\/uploads\/2021\/09\/csh_30LL_01-300x300.jpg 300w, https:\/\/kennersa.com.ar\/wp-content\/uploads\/2021\/09\/csh_30LL_01-150x150.jpg 150w, https:\/\/kennersa.com.ar\/wp-content\/uploads\/2021\/09\/csh_30LL_01-100x100.jpg 100w\" alt=\"\" width=\"300\" height=\"300\" \/><\/a><\/p>\n","protected":false},"excerpt":{"rendered":"<p>Las balanzas Yamato pueden manipular detergentes y otros productos granulares. Las bandejas de alimentaci\u00f3n lineal en forma de U est\u00e1n&hellip;<\/p>\n","protected":false},"author":1,"featured_media":0,"parent":0,"menu_order":0,"comment_status":"closed","ping_status":"closed","template":"","meta":{"om_disable_all_campaigns":false,"_monsterinsights_skip_tracking":false,"_monsterinsights_sitenote_active":false,"_monsterinsights_sitenote_note":"","_monsterinsights_sitenote_category":0,"footnotes":""},"class_list":["post-3818","page","type-page","status-publish","hentry"],"_links":{"self":[{"href":"https:\/\/kennersa.com.ar\/index.php\/wp-json\/wp\/v2\/pages\/3818","targetHints":{"allow":["GET"]}}],"collection":[{"href":"https:\/\/kennersa.com.ar\/index.php\/wp-json\/wp\/v2\/pages"}],"about":[{"href":"https:\/\/kennersa.com.ar\/index.php\/wp-json\/wp\/v2\/types\/page"}],"author":[{"embeddable":true,"href":"https:\/\/kennersa.com.ar\/index.php\/wp-json\/wp\/v2\/users\/1"}],"replies":[{"embeddable":true,"href":"https:\/\/kennersa.com.ar\/index.php\/wp-json\/wp\/v2\/comments?post=3818"}],"version-history":[{"count":39,"href":"https:\/\/kennersa.com.ar\/index.php\/wp-json\/wp\/v2\/pages\/3818\/revisions"}],"predecessor-version":[{"id":5539,"href":"https:\/\/kennersa.com.ar\/index.php\/wp-json\/wp\/v2\/pages\/3818\/revisions\/5539"}],"wp:attachment":[{"href":"https:\/\/kennersa.com.ar\/index.php\/wp-json\/wp\/v2\/media?parent=3818"}],"curies":[{"name":"wp","href":"https:\/\/api.w.org\/{rel}","templated":true}]}}